{"id":3521,"date":"2025-05-12T18:03:10","date_gmt":"2025-05-12T16:03:10","guid":{"rendered":"http:\/\/conhersa.vl21994.dinaserver.com\/elevadores-electricos\/"},"modified":"2025-05-27T12:12:40","modified_gmt":"2025-05-27T10:12:40","slug":"elektro-paletten-stapler","status":"publish","type":"page","link":"https:\/\/www.conhersa.com\/de\/elektro-paletten-stapler\/","title":{"rendered":"Elektro Paletten-Stapler"},"content":{"rendered":"\t\t<div data-elementor-type=\"wp-page\" data-elementor-id=\"3521\" class=\"elementor elementor-3521 elementor-2524\" data-elementor-post-type=\"page\">\n\t\t\t\t\t\t<section class=\"elementor-section elementor-top-section elementor-element elementor-element-544c4bd elementor-section-full_width elementor-section-height-default elementor-section-height-default\" data-id=\"544c4bd\" data-element_type=\"section\">\n\t\t\t\t\t\t<div class=\"elementor-container elementor-column-gap-no\">\n\t\t\t\t\t<div class=\"elementor-column elementor-col-100 elementor-top-column elementor-element elementor-element-1722bba\" data-id=\"1722bba\" data-element_type=\"column\">\n\t\t\t<div class=\"elementor-widget-wrap elementor-element-populated\">\n\t\t\t\t\t\t<div class=\"elementor-element elementor-element-7b6b867 elementor-widget elementor-widget-ideapark-page-header\" data-id=\"7b6b867\" data-element_type=\"widget\" data-widget_type=\"ideapark-page-header.default\">\n\t\t\t\t<div class=\"elementor-widget-container\">\n\t\t\t\t\t\n\t<header\n\t\tclass=\"l-section c-page-header c-page-header--header-type-1\">\n\t\t\t\t<div class=\"c-page-header__shadow\"><\/div>\n\t\t<svg class=\"c-page-header__bar\" xmlns=\"http:\/\/www.w3.org\/2000\/svg\" width=\"488\" height=\"25\" fill=\"inherit\" viewBox=\"0 0 487 25\"><path fill-rule=\"evenodd\" d=\"M474.791 25h-1.664L486.334-.004H488L474.791 25zm-10.222 0l13.21-25.004h1.666L466.235 25h-1.666zm-8.554 0L469.223-.004h1.664L457.68 25h-1.665zm-8.557 0L460.669-.004h1.664L449.123 25h-1.665zm-8.554 0l13.21-25.004h1.666L440.569 25h-1.665zm-8.558 0l13.21-25.004h1.666L432.012 25h-1.666zm-8.554 0l13.21-25.004h1.666L423.457 25h-1.665zm-8.554 0L426.445-.004h1.665L414.903 25h-1.665zm-8.558 0L417.891-.004h1.665L406.345 25h-1.665zm-8.553 0L409.333-.004h1.666L397.791 25h-1.664zm-8.558 0l13.21-25.004h1.665L389.234 25h-1.665zm-8.554 0L392.226-.004h1.665L380.681 25h-1.666zm-8.558 0l13.21-25.004h1.666L372.122 25h-1.665zm-8.553 0l13.21-25.004h1.665L363.569 25h-1.665zm-9.174 0L365.937-.004h1.665L354.394 25h-1.664zm-8.558 0l13.21-25.004h1.666L345.837 25h-1.665zm-8.554 0L348.826-.004h1.664L337.283 25h-1.665zm-8.557 0L340.272-.004h1.664L328.726 25h-1.665zm-8.554 0l13.21-25.004h1.666L320.172 25h-1.665zm-8.559 0L323.159-.004h1.666L311.615 25h-1.667zm-8.553 0l13.21-25.004h1.666L303.06 25h-1.665zm-8.554 0L306.048-.004h1.665L294.506 25h-1.665zm-8.558 0L297.494-.004h1.665L285.948 25h-1.665zm-8.553 0L288.936-.004h1.666L277.394 25h-1.664zm-8.558 0l13.21-25.004h1.665L268.837 25h-1.665zm-8.554 0L271.829-.004h1.665L260.283 25h-1.665zm-8.558 0L263.27-.004h1.666L251.725 25h-1.665zm-8.553 0l13.21-25.004h1.665L243.172 25h-1.665zm-9.886 0L244.828-.004h1.665L233.284 25h-1.663zm-8.559 0L236.273-.004h1.666L224.728 25h-1.666zm-8.554 0L227.716-.004h1.665L216.174 25h-1.666zm-8.556 0l13.21-25.004h1.665L207.617 25h-1.665zm-8.555 0l13.21-25.004h1.666L199.062 25h-1.665zm-8.558 0L202.05-.004h1.665L190.505 25h-1.666zm-8.553 0l13.21-25.004h1.665L181.951 25h-1.665zm-8.555 0L184.939-.004h1.664L173.397 25h-1.666zm-8.557 0L176.385-.004h1.664L164.839 25h-1.665zm-8.554 0L167.827-.004h1.665L156.285 25h-1.665zm-8.558 0l13.21-25.004h1.666L147.728 25h-1.666zm-8.554 0L150.719-.004h1.665L139.174 25h-1.666zm-8.557 0l13.21-25.004h1.666L130.615 25h-1.664zm-8.554 0L133.608-.004h1.664L122.062 25h-1.665zm-9.174 0L124.431-.004h1.665L112.887 25h-1.664zm-8.558 0L115.876-.004h1.666L104.331 25h-1.666zm-8.554 0L107.319-.004h1.665L95.777 25h-1.666zm-8.556 0L98.765-.004h1.665L87.219 25h-1.664zM77 25L90.21-.004h1.666L78.665 25H77zm-8.558 0L81.653-.004h1.665L70.108 25h-1.666zm-8.554 0L73.099-.004h1.665L61.554 25h-1.666zm-8.554 0L64.541-.004h1.665L53 25h-1.666zm-8.557 0L55.988-.004h1.664L44.442 25h-1.665zm-8.554 0L47.43-.004h1.665L35.888 25h-1.665zm-8.558 0L38.875-.004h1.666L27.331 25h-1.666zm-8.554 0L30.322-.004h1.665L18.777 25h-1.666zm-8.557 0L21.764-.004h1.666L10.218 25H8.554zM0 25L13.21-.004h1.665L1.665 25H0z\"\/><\/svg>\t\t<div\n\t\t\tclass=\"c-page-header__wrap \">\n\t\t\t\t\t\t\t\t\t\t\t\t\t\t\t<h1 class=\"l-section__container c-page-header__title\">Elektro Paletten-Stapler<\/h1>\n\t\t\t\t\t\t\t\t\t\t\t\t\t\t\t\t\t\n\t\t\t\n\t\t\t\t\t<\/div>\n\t<\/header>\n\t\t\t\t<\/div>\n\t\t\t\t<\/div>\n\t\t\t\t\t<\/div>\n\t\t<\/div>\n\t\t\t\t\t<\/div>\n\t\t<\/section>\n\t\t\t\t<section class=\"elementor-section elementor-top-section elementor-element elementor-element-919e2cb elementor-section-boxed elementor-section-height-default elementor-section-height-default\" data-id=\"919e2cb\" data-element_type=\"section\">\n\t\t\t\t\t\t<div class=\"elementor-container elementor-column-gap-no\">\n\t\t\t\t\t<div class=\"elementor-column elementor-col-100 elementor-top-column elementor-element elementor-element-3a94203\" data-id=\"3a94203\" data-element_type=\"column\">\n\t\t\t<div class=\"elementor-widget-wrap elementor-element-populated\">\n\t\t\t\t\t\t<div class=\"elementor-element elementor-element-b9758c2 elementor-widget elementor-widget-ideapark-categories\" data-id=\"b9758c2\" data-element_type=\"widget\" data-widget_type=\"ideapark-categories.default\">\n\t\t\t\t<div class=\"elementor-widget-container\">\n\t\t\t\t\t\t\t<div class=\"c-ip-categories\">\n\t\t\t<div\n\t\t\t\tclass=\"c-ip-categories__list c-ip-categories__list--image c-ip-categories__list--3  c-ip-categories__list--max-3\">\n\t\t\t\t\t\t\t\t\t<div class=\"c-ip-categories__item c-ip-categories__item--image\">\n\t\t\t\t\t\t<a class=\"c-ip-categories__link c-ip-categories__link--image\" href=\"https:\/\/www.conhersa.com\/de\/productos\/elektro-gelaendegaengiger-palettenhubwagen-ept-1000-ac\/\">\n\t\t\t\t\t\t\t\t\t\t\t\t\t\t\t<div class=\"c-ip-categories__image-wrap\">\n\t\t\t\t\t\t\t\t\t<img fetchpriority=\"high\" decoding=\"async\" class=\"c-ip-categories__image\" width=\"359\" height=\"351\" src=\"https:\/\/www.conhersa.com\/wp-content\/uploads\/2025\/05\/electrica-EPT-1000-AC.jpg\" alt=\"el\u00e9ctrica EPT 1000 AC\"\/>\t\t\t\t\t\t\t\t\t<div class=\"c-ip-categories__image-overlay\"><\/div>\n\t\t\t\t\t\t\t\t\t<i class=\"ip-plus c-ip-categories__plus\"><\/i>\n\t\t\t\t\t\t\t\t<\/div>\n\t\t\t\t\t\t\t\t<div class=\"c-ip-categories__title c-ip-categories__title--image\">\n\t\t\t\t\t\t\t\t\t\t<span>\n\t\t\t\t\t\t\t\t\t\t\tElektro Gel\u00e4ndeg\u00e4ngiger Palettenhubwagen EPT-1000 AC\t\t\t\t\t\t\t\t\t\t<\/span>\n\t\t\t\t\t\t\t\t<\/div>\n\t\t\t\t\t\t\t\t<div class=\"c-ip-categories__description\">AC-Motor. Medium Macht.<\/div>\t\t\t\t\t\t\t\t\t\t\t\t\t<\/a>\n\t\t\t\t\t<\/div>\n\t\t\t\t\t\t\t\t\t\t<div class=\"c-ip-categories__item c-ip-categories__item--image\">\n\t\t\t\t\t\t<a class=\"c-ip-categories__link c-ip-categories__link--image\" href=\"https:\/\/www.conhersa.com\/de\/productos\/gelaende-elektro-paletten-stapler-et-1000\/\">\n\t\t\t\t\t\t\t\t\t\t\t\t\t\t\t<div class=\"c-ip-categories__image-wrap\">\n\t\t\t\t\t\t\t\t\t<img decoding=\"async\" class=\"c-ip-categories__image\" width=\"373\" height=\"361\" src=\"https:\/\/www.conhersa.com\/wp-content\/uploads\/2025\/05\/ele1.jpg\" srcset=\"https:\/\/www.conhersa.com\/wp-content\/uploads\/2025\/05\/ele1.jpg 373w, https:\/\/www.conhersa.com\/wp-content\/uploads\/2025\/05\/ele1-360x348.jpg 360w\" sizes=\"(max-width: 373px) 100vw, 373px\" alt=\"ele1\"\/>\t\t\t\t\t\t\t\t\t<div class=\"c-ip-categories__image-overlay\"><\/div>\n\t\t\t\t\t\t\t\t\t<i class=\"ip-plus c-ip-categories__plus\"><\/i>\n\t\t\t\t\t\t\t\t<\/div>\n\t\t\t\t\t\t\t\t<div class=\"c-ip-categories__title c-ip-categories__title--image\">\n\t\t\t\t\t\t\t\t\t\t<span>\n\t\t\t\t\t\t\t\t\t\t\tGel\u00e4nde elektro Paletten-Stapler ET-1000\t\t\t\t\t\t\t\t\t\t<\/span>\n\t\t\t\t\t\t\t\t<\/div>\n\t\t\t\t\t\t\t\t<div class=\"c-ip-categories__description\">Kapazit\u00e4t 1000kg. Einfache DC Motor.<\/div>\t\t\t\t\t\t\t\t\t\t\t\t\t<\/a>\n\t\t\t\t\t<\/div>\n\t\t\t\t\t\t\t\t\t\t<div class=\"c-ip-categories__item c-ip-categories__item--image\">\n\t\t\t\t\t\t<a class=\"c-ip-categories__link c-ip-categories__link--image\" href=\"https:\/\/www.conhersa.com\/de\/productos\/gelaende-elektro-paletten-stapler-et-1200\/\">\n\t\t\t\t\t\t\t\t\t\t\t\t\t\t\t<div class=\"c-ip-categories__image-wrap\">\n\t\t\t\t\t\t\t\t\t<img decoding=\"async\" class=\"c-ip-categories__image\" width=\"373\" height=\"361\" src=\"https:\/\/www.conhersa.com\/wp-content\/uploads\/2025\/05\/ele2.jpg\" srcset=\"https:\/\/www.conhersa.com\/wp-content\/uploads\/2025\/05\/ele2.jpg 373w, https:\/\/www.conhersa.com\/wp-content\/uploads\/2025\/05\/ele2-360x348.jpg 360w\" sizes=\"(max-width: 373px) 100vw, 373px\" alt=\"ele2\"\/>\t\t\t\t\t\t\t\t\t<div class=\"c-ip-categories__image-overlay\"><\/div>\n\t\t\t\t\t\t\t\t\t<i class=\"ip-plus c-ip-categories__plus\"><\/i>\n\t\t\t\t\t\t\t\t<\/div>\n\t\t\t\t\t\t\t\t<div class=\"c-ip-categories__title c-ip-categories__title--image\">\n\t\t\t\t\t\t\t\t\t\t<span>\n\t\t\t\t\t\t\t\t\t\t\tGel\u00e4nde elektro Paletten-Stapler ET-1200\t\t\t\t\t\t\t\t\t\t<\/span>\n\t\t\t\t\t\t\t\t<\/div>\n\t\t\t\t\t\t\t\t<div class=\"c-ip-categories__description\">Kapazit\u00e4t 1200kg. Doppel DC Motor.<\/div>\t\t\t\t\t\t\t\t\t\t\t\t\t<\/a>\n\t\t\t\t\t<\/div>\n\t\t\t\t\t\t\t\t\t\t<div class=\"c-ip-categories__item c-ip-categories__item--image\">\n\t\t\t\t\t\t<a class=\"c-ip-categories__link c-ip-categories__link--image\" href=\"https:\/\/www.conhersa.com\/de\/productos\/gelaende-elektro-paletten-stapler-et-1500\/\">\n\t\t\t\t\t\t\t\t\t\t\t\t\t\t\t<div class=\"c-ip-categories__image-wrap\">\n\t\t\t\t\t\t\t\t\t<img loading=\"lazy\" decoding=\"async\" class=\"c-ip-categories__image\" width=\"373\" height=\"361\" src=\"https:\/\/www.conhersa.com\/wp-content\/uploads\/2025\/05\/ele1500.jpg\" srcset=\"https:\/\/www.conhersa.com\/wp-content\/uploads\/2025\/05\/ele1500.jpg 373w, https:\/\/www.conhersa.com\/wp-content\/uploads\/2025\/05\/ele1500-360x348.jpg 360w\" sizes=\"(max-width: 373px) 100vw, 373px\" alt=\"ele1500\"\/>\t\t\t\t\t\t\t\t\t<div class=\"c-ip-categories__image-overlay\"><\/div>\n\t\t\t\t\t\t\t\t\t<i class=\"ip-plus c-ip-categories__plus\"><\/i>\n\t\t\t\t\t\t\t\t<\/div>\n\t\t\t\t\t\t\t\t<div class=\"c-ip-categories__title c-ip-categories__title--image\">\n\t\t\t\t\t\t\t\t\t\t<span>\n\t\t\t\t\t\t\t\t\t\t\tGel\u00e4nde elektro Paletten-Stapler ET-1500\t\t\t\t\t\t\t\t\t\t<\/span>\n\t\t\t\t\t\t\t\t<\/div>\n\t\t\t\t\t\t\t\t<div class=\"c-ip-categories__description\">Tragf\u00e4higkeit 1.500 kg. 2.500-W-Wechselstrommotor<\/div>\t\t\t\t\t\t\t\t\t\t\t\t\t<\/a>\n\t\t\t\t\t<\/div>\n\t\t\t\t\t\t\t\t\t\t<div class=\"c-ip-categories__item c-ip-categories__item--image\">\n\t\t\t\t\t\t<a class=\"c-ip-categories__link c-ip-categories__link--image\" href=\"https:\/\/www.conhersa.com\/de\/productos\/selbsttragender-gelaendelift\/\">\n\t\t\t\t\t\t\t\t\t\t\t\t\t\t\t<div class=\"c-ip-categories__image-wrap\">\n\t\t\t\t\t\t\t\t\t<img loading=\"lazy\" decoding=\"async\" class=\"c-ip-categories__image\" width=\"373\" height=\"361\" src=\"https:\/\/www.conhersa.com\/wp-content\/uploads\/2025\/05\/auto1.jpg\" srcset=\"https:\/\/www.conhersa.com\/wp-content\/uploads\/2025\/05\/auto1.jpg 373w, https:\/\/www.conhersa.com\/wp-content\/uploads\/2025\/05\/auto1-360x348.jpg 360w\" sizes=\"(max-width: 373px) 100vw, 373px\" alt=\"auto1\"\/>\t\t\t\t\t\t\t\t\t<div class=\"c-ip-categories__image-overlay\"><\/div>\n\t\t\t\t\t\t\t\t\t<i class=\"ip-plus c-ip-categories__plus\"><\/i>\n\t\t\t\t\t\t\t\t<\/div>\n\t\t\t\t\t\t\t\t<div class=\"c-ip-categories__title c-ip-categories__title--image\">\n\t\t\t\t\t\t\t\t\t\t<span>\n\t\t\t\t\t\t\t\t\t\t\tSelbsttragender Gel\u00e4ndelift\t\t\t\t\t\t\t\t\t\t<\/span>\n\t\t\t\t\t\t\t\t<\/div>\n\t\t\t\t\t\t\t\t<div class=\"c-ip-categories__description\">F\u00e4higkeit, selbst\u00e4ndig auf die Ladefl\u00e4che eines LKWs zu klettern<\/div>\t\t\t\t\t\t\t\t\t\t\t\t\t<\/a>\n\t\t\t\t\t<\/div>\n\t\t\t\t\t\t\t\t<\/div>\n\t\t<\/div>\n\t\t\t\t\t\t<\/div>\n\t\t\t\t<\/div>\n\t\t\t\t\t<\/div>\n\t\t<\/div>\n\t\t\t\t\t<\/div>\n\t\t<\/section>\n\t\t\t\t<\/div>\n\t\t","protected":false},"excerpt":{"rendered":"<p>Elektro Paletten-Stapler Gel\u00e4nde elektro Paletten-Stapler ET-1500 Tragf\u00e4higkeit 1.500 kg. 2.500-W-Wechselstrommotor Gel\u00e4nde elektro Paletten-Stapler ET-1000 Kapazit\u00e4t 1000kg. Einfache DC Motor. Gel\u00e4nde elektro Paletten-Stapler ET-1200 Kapazit\u00e4t 1200kg. Doppel DC Motor. Selbsttragender Gel\u00e4ndelift F\u00e4higkeit, selbst\u00e4ndig auf die Ladefl\u00e4che eines LKWs zu klettern<\/p>\n","protected":false},"author":1,"featured_media":0,"parent":0,"menu_order":0,"comment_status":"closed","ping_status":"closed","template":"elementor_header_footer","meta":{"footnotes":""},"class_list":["post-3521","page","type-page","status-publish","hentry"],"aioseo_notices":[],"_links":{"self":[{"href":"https:\/\/www.conhersa.com\/de\/wp-json\/wp\/v2\/pages\/3521","targetHints":{"allow":["GET"]}}],"collection":[{"href":"https:\/\/www.conhersa.com\/de\/wp-json\/wp\/v2\/pages"}],"about":[{"href":"https:\/\/www.conhersa.com\/de\/wp-json\/wp\/v2\/types\/page"}],"author":[{"embeddable":true,"href":"https:\/\/www.conhersa.com\/de\/wp-json\/wp\/v2\/users\/1"}],"replies":[{"embeddable":true,"href":"https:\/\/www.conhersa.com\/de\/wp-json\/wp\/v2\/comments?post=3521"}],"version-history":[{"count":4,"href":"https:\/\/www.conhersa.com\/de\/wp-json\/wp\/v2\/pages\/3521\/revisions"}],"predecessor-version":[{"id":4798,"href":"https:\/\/www.conhersa.com\/de\/wp-json\/wp\/v2\/pages\/3521\/revisions\/4798"}],"wp:attachment":[{"href":"https:\/\/www.conhersa.com\/de\/wp-json\/wp\/v2\/media?parent=3521"}],"curies":[{"name":"wp","href":"https:\/\/api.w.org\/{rel}","templated":true}]}}