{"id":3548,"date":"2025-05-12T15:30:34","date_gmt":"2025-05-12T13:30:34","guid":{"rendered":"http:\/\/conhersa.vl21994.dinaserver.com\/transpaleta-electrica-eh-2\/"},"modified":"2025-05-27T12:46:24","modified_gmt":"2025-05-27T10:46:24","slug":"elektro-gelaendegaengiger-palettenhubwagen-eh-2","status":"publish","type":"page","link":"https:\/\/www.conhersa.com\/de\/elektro-hubwagen\/elektro-gelaendegaengiger-palettenhubwagen-eh-2\/","title":{"rendered":"Elektro Gel\u00e4ndeg\u00e4ngiger Palettenhubwagen EH-2"},"content":{"rendered":"\t\t<div data-elementor-type=\"wp-page\" data-elementor-id=\"3548\" class=\"elementor elementor-3548 elementor-2380\" data-elementor-post-type=\"page\">\n\t\t\t\t<div class=\"elementor-element elementor-element-bf27e00 e-flex e-con-boxed e-con e-parent\" data-id=\"bf27e00\" data-element_type=\"container\">\n\t\t\t\t\t<div class=\"e-con-inner\">\n\t\t\t\t<div class=\"elementor-element elementor-element-e2e4e19 elementor-widget__width-inherit elementor-widget elementor-widget-ideapark-heading\" data-id=\"e2e4e19\" data-element_type=\"widget\" data-widget_type=\"ideapark-heading.default\">\n\t\t\t\t<div class=\"elementor-widget-container\">\n\t\t\t\t\t<h2 class=\"c-ip-heading c-ip-heading--default c-ip-heading--left\"><span class=\"c-ip-heading__inner\">Elektro Gel\u00e4ndeg\u00e4ngiger Palettenhubwagen EH-2<\/span><\/h2>\t\t\t\t<\/div>\n\t\t\t\t<\/div>\n\t\t\t\t\t<\/div>\n\t\t\t\t<\/div>\n\t\t<div class=\"elementor-element elementor-element-34d9e9b e-flex e-con-boxed e-con e-parent\" data-id=\"34d9e9b\" data-element_type=\"container\">\n\t\t\t\t\t<div class=\"e-con-inner\">\n\t\t\t\t<div class=\"elementor-element elementor-element-72c6076 elementor-widget elementor-widget-text-editor\" data-id=\"72c6076\" data-element_type=\"widget\" data-widget_type=\"text-editor.default\">\n\t\t\t\t<div class=\"elementor-widget-container\">\n\t\t\t\t\t\t\t\t\t<p><script type=\"text\/javascript\">\r\ndocument.addEventListener(\"DOMContentLoaded\", function(event) { \r\n\tjQuery( '#slider-pro-3-2400' ).sliderPro({\r\n\t\t\/\/width\r\n\t\t\t\twidth: \"100%\",\r\n\t\t\t\t\r\n\t\t\/\/height\r\n\t\t\t\tautoHeight: true,\r\n\t\t\t\t\r\n\t\t\/\/auto play\r\n\t\t\t\tautoplay:  true,\r\n\t\tautoplayOnHover: 'none',\r\n\t\t\t\t\t\t\t\tautoplayDelay: 5000,\r\n\t\t\r\n\t\t\r\n\t\tarrows: true,\r\n\t\tbuttons: true,\r\n\t\tsmallSize: 500,\r\n\t\tmediumSize: 1000,\r\n\t\tlargeSize: 3000,\r\n\t\tfade: true,\r\n\t\t\r\n\t\t\/\/thumbnail\r\n\t\tthumbnailArrows: true,\r\n\t\tthumbnailWidth: 120,\r\n\t\tthumbnailHeight: 120,\r\n\t\t\t\t\t\tthumbnailsPosition: 'bottom',\r\n\t\t\t\t\t\tcenterImage: true,\r\n\t\timageScaleMode: 'contain',\r\n\t\tallowScaleUp: true,\r\n\t\t\t\tstartSlide: 0,\r\n\t\tloop: true,\r\n\t\tslideDistance: 5,\r\n\t\tautoplayDirection: 'normal',\r\n\t\ttouchSwipe: true,\r\n\t\tfullScreen: true,\r\n\t});\r\n});\r\n<\/script>\r\n\r\n\t\t<div id=\"slider-pro-3-2400\" class=\"slider-pro\">\r\n\t\t\t<!---- slides div start ---->\r\n\t\t\t<div class=\"sp-slides\">\r\n\t\t\t\t\t\t\t\t\t\t<div class=\"sp-slide\">\r\n\t\t\t\t\t\t\t<img decoding=\"async\" class=\"sp-image\" loading=\"lazy\" alt=\"1\" src=\"https:\/\/www.conhersa.com\/wp-content\/plugins\/ultimate-responsive-image-slider\/assets\/css\/images\/blank.gif\" data-src=\"https:\/\/www.conhersa.com\/wp-content\/uploads\/2025\/05\/1-4.jpg\" \/>\r\n\r\n\t\t\t\t\t\t\t\r\n\t\t\t\t\t\t\t\t\t\t\t\t\t<\/div>\r\n\t\t\t\t\t\t\t\t\t\t\t\t<div class=\"sp-slide\">\r\n\t\t\t\t\t\t\t<img decoding=\"async\" class=\"sp-image\" loading=\"lazy\" alt=\"4\" src=\"https:\/\/www.conhersa.com\/wp-content\/plugins\/ultimate-responsive-image-slider\/assets\/css\/images\/blank.gif\" data-src=\"https:\/\/www.conhersa.com\/wp-content\/uploads\/2025\/05\/4-3.jpg\" \/>\r\n\r\n\t\t\t\t\t\t\t\r\n\t\t\t\t\t\t\t\t\t\t\t\t\t<\/div>\r\n\t\t\t\t\t\t\t\t\t\t\t\t<div class=\"sp-slide\">\r\n\t\t\t\t\t\t\t<img decoding=\"async\" class=\"sp-image\" loading=\"lazy\" alt=\"6\" src=\"https:\/\/www.conhersa.com\/wp-content\/plugins\/ultimate-responsive-image-slider\/assets\/css\/images\/blank.gif\" data-src=\"https:\/\/www.conhersa.com\/wp-content\/uploads\/2025\/05\/6-3.jpg\" \/>\r\n\r\n\t\t\t\t\t\t\t\r\n\t\t\t\t\t\t\t\t\t\t\t\t\t<\/div>\r\n\t\t\t\t\t\t\t\t\t\t\t\t<div class=\"sp-slide\">\r\n\t\t\t\t\t\t\t<img decoding=\"async\" class=\"sp-image\" loading=\"lazy\" alt=\"5\" src=\"https:\/\/www.conhersa.com\/wp-content\/plugins\/ultimate-responsive-image-slider\/assets\/css\/images\/blank.gif\" data-src=\"https:\/\/www.conhersa.com\/wp-content\/uploads\/2025\/05\/5-3.jpg\" \/>\r\n\r\n\t\t\t\t\t\t\t\r\n\t\t\t\t\t\t\t\t\t\t\t\t\t<\/div>\r\n\t\t\t\t\t\t\t\t\t\t\t\t<div class=\"sp-slide\">\r\n\t\t\t\t\t\t\t<img decoding=\"async\" class=\"sp-image\" loading=\"lazy\" alt=\"2\" src=\"https:\/\/www.conhersa.com\/wp-content\/plugins\/ultimate-responsive-image-slider\/assets\/css\/images\/blank.gif\" data-src=\"https:\/\/www.conhersa.com\/wp-content\/uploads\/2025\/05\/2-3.jpg\" \/>\r\n\r\n\t\t\t\t\t\t\t\r\n\t\t\t\t\t\t\t\t\t\t\t\t\t<\/div>\r\n\t\t\t\t\t\t\t\t\t\t\t\t<div class=\"sp-slide\">\r\n\t\t\t\t\t\t\t<img decoding=\"async\" class=\"sp-image\" loading=\"lazy\" alt=\"3\" src=\"https:\/\/www.conhersa.com\/wp-content\/plugins\/ultimate-responsive-image-slider\/assets\/css\/images\/blank.gif\" data-src=\"https:\/\/www.conhersa.com\/wp-content\/uploads\/2025\/05\/3-3.jpg\" \/>\r\n\r\n\t\t\t\t\t\t\t\r\n\t\t\t\t\t\t\t\t\t\t\t\t\t<\/div>\r\n\t\t\t\t\t\t\t\t\t\t\t\t<div class=\"sp-slide\">\r\n\t\t\t\t\t\t\t<img decoding=\"async\" class=\"sp-image\" loading=\"lazy\" alt=\"7\" src=\"https:\/\/www.conhersa.com\/wp-content\/plugins\/ultimate-responsive-image-slider\/assets\/css\/images\/blank.gif\" data-src=\"https:\/\/www.conhersa.com\/wp-content\/uploads\/2025\/05\/7-3.jpg\" \/>\r\n\r\n\t\t\t\t\t\t\t\r\n\t\t\t\t\t\t\t\t\t\t\t\t\t<\/div>\r\n\t\t\t\t\t\t\t\t\t<\/div>\r\n\t\t\t\r\n\t\t\t<!---- slides div end ---->\r\n\t\t\t\t\t\t<!-- slides thumbnails div start -->\r\n\t\t\t<div class=\"sp-thumbnails\">\r\n\t\t\t\t\t\t\t\t\t\t<img decoding=\"async\" class=\"sp-thumbnail\" loading=\"lazy\" src=\"https:\/\/www.conhersa.com\/wp-content\/plugins\/ultimate-responsive-image-slider\/assets\/img\/loading.gif\" data-src=\"https:\/\/www.conhersa.com\/wp-content\/uploads\/2025\/05\/1-4-360x258.jpg\" alt=\"1\"\/>\r\n\t\t\t\t\t\t\t\t\t\t\t<img decoding=\"async\" class=\"sp-thumbnail\" loading=\"lazy\" src=\"https:\/\/www.conhersa.com\/wp-content\/plugins\/ultimate-responsive-image-slider\/assets\/img\/loading.gif\" data-src=\"https:\/\/www.conhersa.com\/wp-content\/uploads\/2025\/05\/4-3-360x258.jpg\" alt=\"4\"\/>\r\n\t\t\t\t\t\t\t\t\t\t\t<img decoding=\"async\" class=\"sp-thumbnail\" loading=\"lazy\" src=\"https:\/\/www.conhersa.com\/wp-content\/plugins\/ultimate-responsive-image-slider\/assets\/img\/loading.gif\" data-src=\"https:\/\/www.conhersa.com\/wp-content\/uploads\/2025\/05\/6-3-360x258.jpg\" alt=\"6\"\/>\r\n\t\t\t\t\t\t\t\t\t\t\t<img decoding=\"async\" class=\"sp-thumbnail\" loading=\"lazy\" src=\"https:\/\/www.conhersa.com\/wp-content\/plugins\/ultimate-responsive-image-slider\/assets\/img\/loading.gif\" data-src=\"https:\/\/www.conhersa.com\/wp-content\/uploads\/2025\/05\/5-3-360x258.jpg\" alt=\"5\"\/>\r\n\t\t\t\t\t\t\t\t\t\t\t<img decoding=\"async\" class=\"sp-thumbnail\" loading=\"lazy\" src=\"https:\/\/www.conhersa.com\/wp-content\/plugins\/ultimate-responsive-image-slider\/assets\/img\/loading.gif\" data-src=\"https:\/\/www.conhersa.com\/wp-content\/uploads\/2025\/05\/2-3-360x258.jpg\" alt=\"2\"\/>\r\n\t\t\t\t\t\t\t\t\t\t\t<img decoding=\"async\" class=\"sp-thumbnail\" loading=\"lazy\" src=\"https:\/\/www.conhersa.com\/wp-content\/plugins\/ultimate-responsive-image-slider\/assets\/img\/loading.gif\" data-src=\"https:\/\/www.conhersa.com\/wp-content\/uploads\/2025\/05\/3-3-360x258.jpg\" alt=\"3\"\/>\r\n\t\t\t\t\t\t\t\t\t\t\t<img decoding=\"async\" class=\"sp-thumbnail\" loading=\"lazy\" src=\"https:\/\/www.conhersa.com\/wp-content\/plugins\/ultimate-responsive-image-slider\/assets\/img\/loading.gif\" data-src=\"https:\/\/www.conhersa.com\/wp-content\/uploads\/2025\/05\/7-3-360x258.jpg\" alt=\"7\"\/>\r\n\t\t\t\t\t\t\t\t<\/div>\r\n\t\t\t\t\t\t<!-- slides thumbnails div end -->\r\n\t\t<\/div>\r\n\t\t<style>\r\n\/* Layout 3 *\/\r\n\/* border *\/\r\n#slider-pro-3-2400 .sp-selected-thumbnail {\r\n\tborder: 4px solid #000000;\r\n}\r\n\r\n\/* font + color *\/\r\n.title-in  {\r\n\tfont-family: Arial !important;\r\n\tcolor: #FFFFFF !important;\r\n\tbackground-color: #000000 !important;\r\n\topacity: 0.7 !important;\r\n}\r\n.desc-in  {\r\n\tfont-family: Arial !important;\r\n\tcolor: #FFFFFF !important;\r\n\tbackground-color: #00000 !important;\r\n\topacity: 0.7 !important;\r\n}\r\n\r\n\/* bullets color *\/\r\n.sp-button  {\r\n\tborder: 2px solid #000000 !important;\r\n}\r\n.sp-selected-button  {\r\n\tbackground-color: #000000 !important;\r\n}\r\n\r\n\/* pointer color - bottom *\/\r\n.sp-selected-thumbnail::before {\r\n\tborder-bottom: 5px solid #000000 !important;\r\n}\r\n.sp-selected-thumbnail::after {\r\n\tborder-bottom: 13px solid #000000 !important;\r\n}\r\n\r\n\/* pointer color - top *\/\r\n\r\n\/* full screen icon *\/\r\n.sp-full-screen-button::before {\r\n    color: #FFFFFF !important;\r\n}\r\n\r\n\/* hover navigation icon color *\/\r\n.sp-next-arrow::after, .sp-next-arrow::before {\r\n\tbackground-color: #FFFFFF !important;\r\n}\r\n.sp-previous-arrow::after, .sp-previous-arrow::before {\r\n\tbackground-color: #FFFFFF !important;\r\n}\r\n\r\n#slider-pro-3-2400 .title-in {\r\n\tcolor: #FFFFFF !important;\r\n\tfont-weight: bolder;\r\n\ttext-align: center;\r\n}\r\n\r\n#slider-pro-3-2400 .title-in-bg {\r\n\tbackground: rgba(255, 255, 255, 0.7); !important;\r\n\twhite-space: unset !important;\r\n\ttransform: initial !important;\r\n\t-webkit-transform: initial !important;\r\n\tfont-size: 14px !important;\r\n}\r\n\r\n#slider-pro-3-2400 .desc-in {\r\n\tcolor: #FFFFFF !important;\r\n\ttext-align: center;\r\n}\r\n#slider-pro-3-2400 .desc-in-bg {\r\n\tbackground: rgba(#00000, 0.7) !important;\r\n\twhite-space: unset !important;\r\n\ttransform: initial !important;\r\n\t-webkit-transform: initial !important;\r\n\tfont-size: 13px !important;\r\n}\r\n\r\n@media (max-width: 640px) {\r\n\t#slider-pro-3-2400 .hide-small-screen {\r\n\t\tdisplay: none;\r\n\t}\r\n}\r\n\r\n@media (max-width: 860px) {\r\n\t#slider-pro-3-2400 .sp-layer {\r\n\t\tfont-size: 18px;\r\n\t}\r\n\t\r\n\t#slider-pro-3-2400 .hide-medium-screen {\r\n\t\tdisplay: none;\r\n\t}\r\n}\r\n.slides-not-found {\r\n\tbackground-color: #a92929;\r\n\tborder-radius: 5px;\r\n\tcolor: #fff;\r\n\tfont-family: initial;\r\n\ttext-align: center;\r\n\tpadding:12px;\r\n}\r\n\/* Custom CSS *\/\r\n<\/style>\r\n<\/p>\t\t\t\t\t\t\t\t<\/div>\n\t\t\t\t<\/div>\n\t\t\t\t\t<\/div>\n\t\t\t\t<\/div>\n\t\t<div class=\"elementor-element elementor-element-cd7ed49 e-flex e-con-boxed e-con e-parent\" data-id=\"cd7ed49\" data-element_type=\"container\">\n\t\t\t\t\t<div class=\"e-con-inner\">\n\t\t\t\t<div class=\"elementor-element elementor-element-7aafc13 elementor-widget elementor-widget-text-editor\" data-id=\"7aafc13\" data-element_type=\"widget\" data-widget_type=\"text-editor.default\">\n\t\t\t\t<div class=\"elementor-widget-container\">\n\t\t\t\t\t\t\t\t\t<p>Der gel\u00e4nde Elektrohubwagen EH-2 ist speziell f\u00fcr den Transport von Paletten im Gel\u00e4nde entwickelt und ist besonders geeignet f\u00fcr das Bauhandwerk. Es hat sich bequem homologiert und ist unter allen EU-Anforderungen und Gesetzgebung.<\/p><p>Die wichtigsten Merkmale:<\/p><ul><li>Sowohl Bewegung (vorw\u00e4rts-r\u00fcckw\u00e4rts) und Gabeln sind elektrische Hebe<\/li><li>Batterien und elektronische Komponenten sind in ein Geh\u00e4use aus Metall und sicher, und Dr\u00e4hte sind in Rohren gesch\u00fctzt.<\/li><li>Anschluss mit Sicherheitsschl\u00fcssel<\/li><li>Keine Verschmutzung, weder L\u00e4rm noch Abgase.<\/li><li>Sicherheitsbremse (nach Vorschrift), um Einschluss oder Unf\u00e4lle zu vermeiden.<\/li><li>Einfache Wartung; schlie\u00dfen Sie einfach das Ladeger\u00e4t in der Nacht, und Sie werden mehr als genug f\u00fcr einen kompletten Arbeitstag haben. Ein Ladeger\u00e4t wird immer mit dem Elektrohubwagen zur Verf\u00fcgung gestellt.<\/li><li>Sparen Sie Geld: Die Lieferzeit wird drastisch reduziert. Mit der Geschwindigkeit des Elektro palette-hubwagen und Benutzerfreundlichkeit hat fast unverzichtbar geworden.<\/li><\/ul>\t\t\t\t\t\t\t\t<\/div>\n\t\t\t\t<\/div>\n\t\t\t\t\t<\/div>\n\t\t\t\t<\/div>\n\t\t<div class=\"elementor-element elementor-element-31b593a e-flex e-con-boxed e-con e-parent\" data-id=\"31b593a\" data-element_type=\"container\">\n\t\t\t\t\t<div class=\"e-con-inner\">\n\t\t\t\t<div class=\"elementor-element elementor-element-980d157 elementor-widget elementor-widget-ideapark-heading\" data-id=\"980d157\" data-element_type=\"widget\" data-widget_type=\"ideapark-heading.default\">\n\t\t\t\t<div class=\"elementor-widget-container\">\n\t\t\t\t\t<h3 class=\"c-ip-heading c-ip-heading--default c-ip-heading--left\"><span class=\"c-ip-heading__inner\">TECHNISCHE DATEN<\/span><\/h3>\t\t\t\t<\/div>\n\t\t\t\t<\/div>\n\t\t\t\t\t<\/div>\n\t\t\t\t<\/div>\n\t\t<div class=\"elementor-element elementor-element-98e3838 e-flex e-con-boxed e-con e-parent\" data-id=\"98e3838\" data-element_type=\"container\">\n\t\t\t\t\t<div class=\"e-con-inner\">\n\t\t\t\t<div class=\"elementor-element elementor-element-60a6eed elementor-widget elementor-widget-text-editor\" data-id=\"60a6eed\" data-element_type=\"widget\" data-widget_type=\"text-editor.default\">\n\t\t\t\t<div class=\"elementor-widget-container\">\n\t\t\t\t\t\t\t\t\t<ul><li>Kapazit\u00e4t: 1.200 kg.<\/li><li>Tragf\u00e4higkeit: 200 mm.<\/li><li>Maximale Palettenbreite 1.200 mm.<\/li><li>Au\u00dfenma\u00dfe:<ul><li>Breite: 1.640 mm.<\/li><li>L\u00e4nge: 1.430 mm.<\/li><li>H\u00f6he: 800 mm.<\/li><\/ul><\/li><li>Gewicht: 262 kg.<\/li><li>Antriebsmotor: 500 W.<\/li><li>Hebe Motor: 800 W.<\/li><li>Batteriekapazit\u00e4t: 60Ah.<\/li><\/ul>\t\t\t\t\t\t\t\t<\/div>\n\t\t\t\t<\/div>\n\t\t\t\t\t<\/div>\n\t\t\t\t<\/div>\n\t\t<div class=\"elementor-element elementor-element-f2afb17 e-flex e-con-boxed e-con e-parent\" data-id=\"f2afb17\" data-element_type=\"container\">\n\t\t\t\t\t<div class=\"e-con-inner\">\n\t\t\t\t<div class=\"elementor-element elementor-element-0ef0a59 elementor-widget elementor-widget-ideapark-heading\" data-id=\"0ef0a59\" data-element_type=\"widget\" data-widget_type=\"ideapark-heading.default\">\n\t\t\t\t<div class=\"elementor-widget-container\">\n\t\t\t\t\t<h3 class=\"c-ip-heading c-ip-heading--default c-ip-heading--left\"><span class=\"c-ip-heading__inner\">ZUS\u00c4TZLICHES ZUBEH\u00d6R<\/span><\/h3>\t\t\t\t<\/div>\n\t\t\t\t<\/div>\n\t\t\t\t\t<\/div>\n\t\t\t\t<\/div>\n\t\t<div class=\"elementor-element elementor-element-d40513e e-flex e-con-boxed e-con e-parent\" data-id=\"d40513e\" data-element_type=\"container\">\n\t\t\t\t\t<div class=\"e-con-inner\">\n\t\t<div class=\"elementor-element elementor-element-7a8bba2 e-grid e-con-full e-con e-child\" data-id=\"7a8bba2\" data-element_type=\"container\">\n\t\t\t\t<div class=\"elementor-element elementor-element-2d9f278 elementor-position-top elementor-widget elementor-widget-image-box\" data-id=\"2d9f278\" data-element_type=\"widget\" data-widget_type=\"image-box.default\">\n\t\t\t\t<div class=\"elementor-widget-container\">\n\t\t\t\t\t<div class=\"elementor-image-box-wrapper\"><figure class=\"elementor-image-box-img\"><img decoding=\"async\" src=\"https:\/\/www.conhersa.com\/wp-content\/uploads\/elementor\/thumbs\/MANDO25-r6h9xj7806g4ghbz1r05q20rac7fd13hsckzxr7rrw.jpg\" title=\"MANDO25\" alt=\"MANDO25\" loading=\"lazy\" \/><\/figure><div class=\"elementor-image-box-content\"><h3 class=\"elementor-image-box-title\">GESCHWINDIGKEITSBEGRENZERTASTE<\/h3><\/div><\/div>\t\t\t\t<\/div>\n\t\t\t\t<\/div>\n\t\t\t\t<div class=\"elementor-element elementor-element-7015b3a elementor-position-top elementor-widget elementor-widget-image-box\" data-id=\"7015b3a\" data-element_type=\"widget\" data-widget_type=\"image-box.default\">\n\t\t\t\t<div class=\"elementor-widget-container\">\n\t\t\t\t\t<div class=\"elementor-image-box-wrapper\"><figure class=\"elementor-image-box-img\"><img decoding=\"async\" width=\"150\" height=\"150\" src=\"https:\/\/www.conhersa.com\/wp-content\/uploads\/2025\/05\/LARGAS-1100-150x150-1.jpg\" class=\"attachment-full size-full wp-image-2385\" alt=\"\" srcset=\"https:\/\/www.conhersa.com\/wp-content\/uploads\/2025\/05\/LARGAS-1100-150x150-1.jpg 150w, https:\/\/www.conhersa.com\/wp-content\/uploads\/2025\/05\/LARGAS-1100-150x150-1-100x100.jpg 100w\" sizes=\"(max-width: 150px) 100vw, 150px\" \/><\/figure><div class=\"elementor-image-box-content\"><h3 class=\"elementor-image-box-title\">LANGE GABELN (110cm)<\/h3><\/div><\/div>\t\t\t\t<\/div>\n\t\t\t\t<\/div>\n\t\t\t\t<div class=\"elementor-element elementor-element-fa8db4b elementor-position-top elementor-widget elementor-widget-image-box\" data-id=\"fa8db4b\" data-element_type=\"widget\" data-widget_type=\"image-box.default\">\n\t\t\t\t<div class=\"elementor-widget-container\">\n\t\t\t\t\t<div class=\"elementor-image-box-wrapper\"><figure class=\"elementor-image-box-img\"><img decoding=\"async\" width=\"150\" height=\"150\" src=\"https:\/\/www.conhersa.com\/wp-content\/uploads\/2025\/05\/DEFENSA-150x150-1.jpg\" class=\"attachment-full size-full wp-image-2386\" alt=\"\" srcset=\"https:\/\/www.conhersa.com\/wp-content\/uploads\/2025\/05\/DEFENSA-150x150-1.jpg 150w, https:\/\/www.conhersa.com\/wp-content\/uploads\/2025\/05\/DEFENSA-150x150-1-100x100.jpg 100w\" sizes=\"(max-width: 150px) 100vw, 150px\" \/><\/figure><div class=\"elementor-image-box-content\"><h3 class=\"elementor-image-box-title\">LASTSCHUTZ<\/h3><\/div><\/div>\t\t\t\t<\/div>\n\t\t\t\t<\/div>\n\t\t\t\t<\/div>\n\t\t\t\t\t<\/div>\n\t\t\t\t<\/div>\n\t\t<div class=\"elementor-element elementor-element-f53b0c7 e-flex e-con-boxed e-con e-parent\" data-id=\"f53b0c7\" data-element_type=\"container\">\n\t\t\t\t\t<div class=\"e-con-inner\">\n\t\t\t\t<div class=\"elementor-element elementor-element-63797e2 elementor-align-center elementor-widget elementor-widget-ideapark-button\" data-id=\"63797e2\" data-element_type=\"widget\" data-widget_type=\"ideapark-button.default\">\n\t\t\t\t<div class=\"elementor-widget-container\">\n\t\t\t\t\t\t\t<div class=\"c-ip-button__wrap\">\n\t\t\t<a href=\"https:\/\/www.conhersa.com\/wp-content\/uploads\/2025\/05\/Manual_de_uso_EH-2.pdf\" target=\"_blank\" class=\"c-ip-button c-button c-button--default\" role=\"button\">\n\t\t\t\t<span class=\"c-ip-button__text\">Handbuch herunterladen<\/span><i\n\t\t\t\t\tclass=\"ip-double-arrow c-ip-button__arrow c-button__arrow\"><\/i>\t\t\t<\/a>\n\t\t<\/div>\n\t\t\t\t\t\t<\/div>\n\t\t\t\t<\/div>\n\t\t\t\t\t<\/div>\n\t\t\t\t<\/div>\n\t\t\t\t<\/div>\n\t\t","protected":false},"excerpt":{"rendered":"<p>Der gel\u00e4nde Elektrohubwagen EH-2 ist speziell f\u00fcr den Transport von Paletten im Gel\u00e4nde entwickelt und ist besonders geeignet f\u00fcr das Bauhandwerk. Es hat sich bequem homologiert und ist unter allen EU-Anforderungen und Gesetzgebung. Die wichtigsten Merkmale: Sowohl Bewegung (vorw\u00e4rts-r\u00fcckw\u00e4rts) und&hellip;<\/p>\n","protected":false},"author":1,"featured_media":0,"parent":3552,"menu_order":1,"comment_status":"closed","ping_status":"closed","template":"","meta":{"footnotes":""},"class_list":["post-3548","page","type-page","status-publish","hentry"],"aioseo_notices":[],"_links":{"self":[{"href":"https:\/\/www.conhersa.com\/de\/wp-json\/wp\/v2\/pages\/3548","targetHints":{"allow":["GET"]}}],"collection":[{"href":"https:\/\/www.conhersa.com\/de\/wp-json\/wp\/v2\/pages"}],"about":[{"href":"https:\/\/www.conhersa.com\/de\/wp-json\/wp\/v2\/types\/page"}],"author":[{"embeddable":true,"href":"https:\/\/www.conhersa.com\/de\/wp-json\/wp\/v2\/users\/1"}],"replies":[{"embeddable":true,"href":"https:\/\/www.conhersa.com\/de\/wp-json\/wp\/v2\/comments?post=3548"}],"version-history":[{"count":4,"href":"https:\/\/www.conhersa.com\/de\/wp-json\/wp\/v2\/pages\/3548\/revisions"}],"predecessor-version":[{"id":4826,"href":"https:\/\/www.conhersa.com\/de\/wp-json\/wp\/v2\/pages\/3548\/revisions\/4826"}],"up":[{"embeddable":true,"href":"https:\/\/www.conhersa.com\/de\/wp-json\/wp\/v2\/pages\/3552"}],"wp:attachment":[{"href":"https:\/\/www.conhersa.com\/de\/wp-json\/wp\/v2\/media?parent=3548"}],"curies":[{"name":"wp","href":"https:\/\/api.w.org\/{rel}","templated":true}]}}