{"id":3552,"date":"2025-05-12T15:10:23","date_gmt":"2025-05-12T13:10:23","guid":{"rendered":"http:\/\/conhersa.vl21994.dinaserver.com\/transpaletas-electricas\/"},"modified":"2025-05-27T12:08:21","modified_gmt":"2025-05-27T10:08:21","slug":"elektro-hubwagen","status":"publish","type":"page","link":"https:\/\/www.conhersa.com\/de\/elektro-hubwagen\/","title":{"rendered":"Elektro-Hubwagen"},"content":{"rendered":"\t\t<div data-elementor-type=\"wp-page\" data-elementor-id=\"3552\" class=\"elementor elementor-3552 elementor-2366\" data-elementor-post-type=\"page\">\n\t\t\t\t\t\t<section class=\"elementor-section elementor-top-section elementor-element elementor-element-544c4bd elementor-section-full_width elementor-section-height-default elementor-section-height-default\" data-id=\"544c4bd\" data-element_type=\"section\">\n\t\t\t\t\t\t<div class=\"elementor-container elementor-column-gap-no\">\n\t\t\t\t\t<div class=\"elementor-column elementor-col-100 elementor-top-column elementor-element elementor-element-1722bba\" data-id=\"1722bba\" data-element_type=\"column\">\n\t\t\t<div class=\"elementor-widget-wrap elementor-element-populated\">\n\t\t\t\t\t\t<div class=\"elementor-element elementor-element-7b6b867 elementor-widget elementor-widget-ideapark-page-header\" data-id=\"7b6b867\" data-element_type=\"widget\" data-widget_type=\"ideapark-page-header.default\">\n\t\t\t\t<div class=\"elementor-widget-container\">\n\t\t\t\t\t\n\t<header\n\t\tclass=\"l-section c-page-header c-page-header--header-type-1\">\n\t\t\t\t<div class=\"c-page-header__shadow\"><\/div>\n\t\t<svg class=\"c-page-header__bar\" xmlns=\"http:\/\/www.w3.org\/2000\/svg\" width=\"488\" height=\"25\" fill=\"inherit\" viewBox=\"0 0 487 25\"><path fill-rule=\"evenodd\" d=\"M474.791 25h-1.664L486.334-.004H488L474.791 25zm-10.222 0l13.21-25.004h1.666L466.235 25h-1.666zm-8.554 0L469.223-.004h1.664L457.68 25h-1.665zm-8.557 0L460.669-.004h1.664L449.123 25h-1.665zm-8.554 0l13.21-25.004h1.666L440.569 25h-1.665zm-8.558 0l13.21-25.004h1.666L432.012 25h-1.666zm-8.554 0l13.21-25.004h1.666L423.457 25h-1.665zm-8.554 0L426.445-.004h1.665L414.903 25h-1.665zm-8.558 0L417.891-.004h1.665L406.345 25h-1.665zm-8.553 0L409.333-.004h1.666L397.791 25h-1.664zm-8.558 0l13.21-25.004h1.665L389.234 25h-1.665zm-8.554 0L392.226-.004h1.665L380.681 25h-1.666zm-8.558 0l13.21-25.004h1.666L372.122 25h-1.665zm-8.553 0l13.21-25.004h1.665L363.569 25h-1.665zm-9.174 0L365.937-.004h1.665L354.394 25h-1.664zm-8.558 0l13.21-25.004h1.666L345.837 25h-1.665zm-8.554 0L348.826-.004h1.664L337.283 25h-1.665zm-8.557 0L340.272-.004h1.664L328.726 25h-1.665zm-8.554 0l13.21-25.004h1.666L320.172 25h-1.665zm-8.559 0L323.159-.004h1.666L311.615 25h-1.667zm-8.553 0l13.21-25.004h1.666L303.06 25h-1.665zm-8.554 0L306.048-.004h1.665L294.506 25h-1.665zm-8.558 0L297.494-.004h1.665L285.948 25h-1.665zm-8.553 0L288.936-.004h1.666L277.394 25h-1.664zm-8.558 0l13.21-25.004h1.665L268.837 25h-1.665zm-8.554 0L271.829-.004h1.665L260.283 25h-1.665zm-8.558 0L263.27-.004h1.666L251.725 25h-1.665zm-8.553 0l13.21-25.004h1.665L243.172 25h-1.665zm-9.886 0L244.828-.004h1.665L233.284 25h-1.663zm-8.559 0L236.273-.004h1.666L224.728 25h-1.666zm-8.554 0L227.716-.004h1.665L216.174 25h-1.666zm-8.556 0l13.21-25.004h1.665L207.617 25h-1.665zm-8.555 0l13.21-25.004h1.666L199.062 25h-1.665zm-8.558 0L202.05-.004h1.665L190.505 25h-1.666zm-8.553 0l13.21-25.004h1.665L181.951 25h-1.665zm-8.555 0L184.939-.004h1.664L173.397 25h-1.666zm-8.557 0L176.385-.004h1.664L164.839 25h-1.665zm-8.554 0L167.827-.004h1.665L156.285 25h-1.665zm-8.558 0l13.21-25.004h1.666L147.728 25h-1.666zm-8.554 0L150.719-.004h1.665L139.174 25h-1.666zm-8.557 0l13.21-25.004h1.666L130.615 25h-1.664zm-8.554 0L133.608-.004h1.664L122.062 25h-1.665zm-9.174 0L124.431-.004h1.665L112.887 25h-1.664zm-8.558 0L115.876-.004h1.666L104.331 25h-1.666zm-8.554 0L107.319-.004h1.665L95.777 25h-1.666zm-8.556 0L98.765-.004h1.665L87.219 25h-1.664zM77 25L90.21-.004h1.666L78.665 25H77zm-8.558 0L81.653-.004h1.665L70.108 25h-1.666zm-8.554 0L73.099-.004h1.665L61.554 25h-1.666zm-8.554 0L64.541-.004h1.665L53 25h-1.666zm-8.557 0L55.988-.004h1.664L44.442 25h-1.665zm-8.554 0L47.43-.004h1.665L35.888 25h-1.665zm-8.558 0L38.875-.004h1.666L27.331 25h-1.666zm-8.554 0L30.322-.004h1.665L18.777 25h-1.666zm-8.557 0L21.764-.004h1.666L10.218 25H8.554zM0 25L13.21-.004h1.665L1.665 25H0z\"\/><\/svg>\t\t<div\n\t\t\tclass=\"c-page-header__wrap \">\n\t\t\t\t\t\t\t\t\t\t\t\t\t\t\t<h1 class=\"l-section__container c-page-header__title\">Elektro-Hubwagen<\/h1>\n\t\t\t\t\t\t\t\t\t\t\t\t\t\t\t\t\t\n\t\t\t\n\t\t\t\t\t<\/div>\n\t<\/header>\n\t\t\t\t<\/div>\n\t\t\t\t<\/div>\n\t\t\t\t\t<\/div>\n\t\t<\/div>\n\t\t\t\t\t<\/div>\n\t\t<\/section>\n\t\t\t\t<section class=\"elementor-section elementor-top-section elementor-element elementor-element-919e2cb elementor-section-boxed elementor-section-height-default elementor-section-height-default\" data-id=\"919e2cb\" data-element_type=\"section\">\n\t\t\t\t\t\t<div class=\"elementor-container elementor-column-gap-no\">\n\t\t\t\t\t<div class=\"elementor-column elementor-col-100 elementor-top-column elementor-element elementor-element-3a94203\" data-id=\"3a94203\" data-element_type=\"column\">\n\t\t\t<div class=\"elementor-widget-wrap elementor-element-populated\">\n\t\t\t\t\t\t<div class=\"elementor-element elementor-element-b9758c2 elementor-widget elementor-widget-ideapark-categories\" data-id=\"b9758c2\" data-element_type=\"widget\" data-widget_type=\"ideapark-categories.default\">\n\t\t\t\t<div class=\"elementor-widget-container\">\n\t\t\t\t\t\t\t<div class=\"c-ip-categories\">\n\t\t\t<div\n\t\t\t\tclass=\"c-ip-categories__list c-ip-categories__list--image c-ip-categories__list--3  c-ip-categories__list--max-3\">\n\t\t\t\t\t\t\t\t\t<div class=\"c-ip-categories__item c-ip-categories__item--image\">\n\t\t\t\t\t\t<a class=\"c-ip-categories__link c-ip-categories__link--image\" href=\"https:\/\/www.conhersa.com\/de\/productos\/elektro-gelaendegaengiger-palettenhubwagen-eh-2\/\">\n\t\t\t\t\t\t\t\t\t\t\t\t\t\t\t<div class=\"c-ip-categories__image-wrap\">\n\t\t\t\t\t\t\t\t\t<img fetchpriority=\"high\" decoding=\"async\" class=\"c-ip-categories__image\" width=\"359\" height=\"351\" src=\"https:\/\/www.conhersa.com\/wp-content\/uploads\/2025\/05\/electrica-EH-2.jpg\" alt=\"el\u00e9ctrica EH-2\"\/>\t\t\t\t\t\t\t\t\t<div class=\"c-ip-categories__image-overlay\"><\/div>\n\t\t\t\t\t\t\t\t\t<i class=\"ip-plus c-ip-categories__plus\"><\/i>\n\t\t\t\t\t\t\t\t<\/div>\n\t\t\t\t\t\t\t\t<div class=\"c-ip-categories__title c-ip-categories__title--image\">\n\t\t\t\t\t\t\t\t\t\t<span>\n\t\t\t\t\t\t\t\t\t\t\tElektro Gel\u00e4ndeg\u00e4ngiger Palettenhubwagen EH-2\t\t\t\t\t\t\t\t\t\t<\/span>\n\t\t\t\t\t\t\t\t<\/div>\n\t\t\t\t\t\t\t\t<div class=\"c-ip-categories__description\">Das kompakteste Modell. Einfache DC Motor.<\/div>\t\t\t\t\t\t\t\t\t\t\t\t\t<\/a>\n\t\t\t\t\t<\/div>\n\t\t\t\t\t\t\t\t\t\t<div class=\"c-ip-categories__item c-ip-categories__item--image\">\n\t\t\t\t\t\t<a class=\"c-ip-categories__link c-ip-categories__link--image\" href=\"https:\/\/www.conhersa.com\/de\/productos\/elektro-gelaendegaengiger-palettenhubwagen-ept-1000-ac\/\">\n\t\t\t\t\t\t\t\t\t\t\t\t\t\t\t<div class=\"c-ip-categories__image-wrap\">\n\t\t\t\t\t\t\t\t\t<img decoding=\"async\" class=\"c-ip-categories__image\" width=\"359\" height=\"351\" src=\"https:\/\/www.conhersa.com\/wp-content\/uploads\/2025\/05\/electrica-EPT-1000-AC.jpg\" alt=\"el\u00e9ctrica EPT 1000 AC\"\/>\t\t\t\t\t\t\t\t\t<div class=\"c-ip-categories__image-overlay\"><\/div>\n\t\t\t\t\t\t\t\t\t<i class=\"ip-plus c-ip-categories__plus\"><\/i>\n\t\t\t\t\t\t\t\t<\/div>\n\t\t\t\t\t\t\t\t<div class=\"c-ip-categories__title c-ip-categories__title--image\">\n\t\t\t\t\t\t\t\t\t\t<span>\n\t\t\t\t\t\t\t\t\t\t\tElektro Gel\u00e4ndeg\u00e4ngiger Palettenhubwagen EPT-1000 AC\t\t\t\t\t\t\t\t\t\t<\/span>\n\t\t\t\t\t\t\t\t<\/div>\n\t\t\t\t\t\t\t\t<div class=\"c-ip-categories__description\">AC-Motor. Medium Macht.<\/div>\t\t\t\t\t\t\t\t\t\t\t\t\t<\/a>\n\t\t\t\t\t<\/div>\n\t\t\t\t\t\t\t\t\t\t<div class=\"c-ip-categories__item c-ip-categories__item--image\">\n\t\t\t\t\t\t<a class=\"c-ip-categories__link c-ip-categories__link--image\" href=\"https:\/\/www.conhersa.com\/de\/productos\/elektro-gelaendegaengiger-palettenhubwagen-ept-2x500-dc\/\">\n\t\t\t\t\t\t\t\t\t\t\t\t\t\t\t<div class=\"c-ip-categories__image-wrap\">\n\t\t\t\t\t\t\t\t\t<img decoding=\"async\" class=\"c-ip-categories__image\" width=\"359\" height=\"351\" src=\"https:\/\/www.conhersa.com\/wp-content\/uploads\/2025\/05\/electrica-EPT-2\u00d7500-DC.jpg\" alt=\"electrica-EPT-2\u00d7500-DC\"\/>\t\t\t\t\t\t\t\t\t<div class=\"c-ip-categories__image-overlay\"><\/div>\n\t\t\t\t\t\t\t\t\t<i class=\"ip-plus c-ip-categories__plus\"><\/i>\n\t\t\t\t\t\t\t\t<\/div>\n\t\t\t\t\t\t\t\t<div class=\"c-ip-categories__title c-ip-categories__title--image\">\n\t\t\t\t\t\t\t\t\t\t<span>\n\t\t\t\t\t\t\t\t\t\t\tElektro Gel\u00e4ndeg\u00e4ngiger Palettenhubwagen EPT-2X500 DC\t\t\t\t\t\t\t\t\t\t<\/span>\n\t\t\t\t\t\t\t\t<\/div>\n\t\t\t\t\t\t\t\t<div class=\"c-ip-categories__description\">Doppelgleichstrommotor. Hohe macht.<\/div>\t\t\t\t\t\t\t\t\t\t\t\t\t<\/a>\n\t\t\t\t\t<\/div>\n\t\t\t\t\t\t\t\t\t\t<div class=\"c-ip-categories__item c-ip-categories__item--image\">\n\t\t\t\t\t\t<a class=\"c-ip-categories__link c-ip-categories__link--image\" href=\"https:\/\/www.conhersa.com\/de\/productos\/elektro-gelaendegaengiger-palettenhubwagen-ept-hd-2500w\/\">\n\t\t\t\t\t\t\t\t\t\t\t\t\t\t\t<div class=\"c-ip-categories__image-wrap\">\n\t\t\t\t\t\t\t\t\t<img loading=\"lazy\" decoding=\"async\" class=\"c-ip-categories__image\" width=\"359\" height=\"351\" src=\"https:\/\/www.conhersa.com\/wp-content\/uploads\/2025\/05\/electrica_EPT_HD_2500W-removebg-preview.jpg\" alt=\"el\u00e9ctrica_EPT_HD_2500W-removebg-preview\"\/>\t\t\t\t\t\t\t\t\t<div class=\"c-ip-categories__image-overlay\"><\/div>\n\t\t\t\t\t\t\t\t\t<i class=\"ip-plus c-ip-categories__plus\"><\/i>\n\t\t\t\t\t\t\t\t<\/div>\n\t\t\t\t\t\t\t\t<div class=\"c-ip-categories__title c-ip-categories__title--image\">\n\t\t\t\t\t\t\t\t\t\t<span>\n\t\t\t\t\t\t\t\t\t\t\tElektro Gel\u00e4ndeg\u00e4ngiger Palettenhubwagen EPT HD 2500W\t\t\t\t\t\t\t\t\t\t<\/span>\n\t\t\t\t\t\t\t\t<\/div>\n\t\t\t\t\t\t\t\t<div class=\"c-ip-categories__description\">Wechselstrommotor 2500W. Maximale macht.<\/div>\t\t\t\t\t\t\t\t\t\t\t\t\t<\/a>\n\t\t\t\t\t<\/div>\n\t\t\t\t\t\t\t\t\t\t<div class=\"c-ip-categories__item c-ip-categories__item--image\">\n\t\t\t\t\t\t<a class=\"c-ip-categories__link c-ip-categories__link--image\" href=\"https:\/\/www.conhersa.com\/de\/productos\/elektrisches-traktionsmodul-tr-800\/\">\n\t\t\t\t\t\t\t\t\t\t\t\t\t\t\t<div class=\"c-ip-categories__image-wrap\">\n\t\t\t\t\t\t\t\t\t<img loading=\"lazy\" decoding=\"async\" class=\"c-ip-categories__image\" width=\"359\" height=\"351\" src=\"https:\/\/www.conhersa.com\/wp-content\/uploads\/2025\/05\/electrica-TR-800.jpg\" alt=\"el\u00e9ctrica TR 800\"\/>\t\t\t\t\t\t\t\t\t<div class=\"c-ip-categories__image-overlay\"><\/div>\n\t\t\t\t\t\t\t\t\t<i class=\"ip-plus c-ip-categories__plus\"><\/i>\n\t\t\t\t\t\t\t\t<\/div>\n\t\t\t\t\t\t\t\t<div class=\"c-ip-categories__title c-ip-categories__title--image\">\n\t\t\t\t\t\t\t\t\t\t<span>\n\t\t\t\t\t\t\t\t\t\t\tElektrisches Traktionsmodul TR-800\t\t\t\t\t\t\t\t\t\t<\/span>\n\t\t\t\t\t\t\t\t<\/div>\n\t\t\t\t\t\t\t\t<div class=\"c-ip-categories__description\">Vorrichtung zur Motorisierung der Bewegung von manuellen Palettenwagen.<\/div>\t\t\t\t\t\t\t\t\t\t\t\t\t<\/a>\n\t\t\t\t\t<\/div>\n\t\t\t\t\t\t\t\t<\/div>\n\t\t<\/div>\n\t\t\t\t\t\t<\/div>\n\t\t\t\t<\/div>\n\t\t\t\t\t<\/div>\n\t\t<\/div>\n\t\t\t\t\t<\/div>\n\t\t<\/section>\n\t\t\t\t<\/div>\n\t\t","protected":false},"excerpt":{"rendered":"<p>Elektro-Hubwagen Elektro Gel\u00e4ndeg\u00e4ngiger Palettenhubwagen EH-2 Das kompakteste Modell. Einfache DC Motor. Elektro Gel\u00e4ndeg\u00e4ngiger Palettenhubwagen EPT-2X500 DC Doppelgleichstrommotor. Hohe macht. Elektro Gel\u00e4ndeg\u00e4ngiger Palettenhubwagen EPT-100 AC AC-Motor. Medium Macht. Elektro Gel\u00e4ndeg\u00e4ngiger Palettenhubwagen EPT HD 2500W Wechselstrommotor 2500W. Maximale macht. Elektrisches Traktionsmodul TR-800&hellip;<\/p>\n","protected":false},"author":1,"featured_media":0,"parent":0,"menu_order":0,"comment_status":"closed","ping_status":"closed","template":"elementor_header_footer","meta":{"footnotes":""},"class_list":["post-3552","page","type-page","status-publish","hentry"],"aioseo_notices":[],"_links":{"self":[{"href":"https:\/\/www.conhersa.com\/de\/wp-json\/wp\/v2\/pages\/3552","targetHints":{"allow":["GET"]}}],"collection":[{"href":"https:\/\/www.conhersa.com\/de\/wp-json\/wp\/v2\/pages"}],"about":[{"href":"https:\/\/www.conhersa.com\/de\/wp-json\/wp\/v2\/types\/page"}],"author":[{"embeddable":true,"href":"https:\/\/www.conhersa.com\/de\/wp-json\/wp\/v2\/users\/1"}],"replies":[{"embeddable":true,"href":"https:\/\/www.conhersa.com\/de\/wp-json\/wp\/v2\/comments?post=3552"}],"version-history":[{"count":4,"href":"https:\/\/www.conhersa.com\/de\/wp-json\/wp\/v2\/pages\/3552\/revisions"}],"predecessor-version":[{"id":4795,"href":"https:\/\/www.conhersa.com\/de\/wp-json\/wp\/v2\/pages\/3552\/revisions\/4795"}],"wp:attachment":[{"href":"https:\/\/www.conhersa.com\/de\/wp-json\/wp\/v2\/media?parent=3552"}],"curies":[{"name":"wp","href":"https:\/\/api.w.org\/{rel}","templated":true}]}}