{"id":3572,"date":"2021-04-03T21:35:56","date_gmt":"2021-04-03T19:35:56","guid":{"rendered":"http:\/\/conhersa.vl21994.dinaserver.com\/empresa\/"},"modified":"2025-07-22T08:04:15","modified_gmt":"2025-07-22T06:04:15","slug":"empresa","status":"publish","type":"page","link":"https:\/\/www.conhersa.com\/de\/empresa\/","title":{"rendered":"Empresa"},"content":{"rendered":"\t\t<div data-elementor-type=\"wp-page\" data-elementor-id=\"3572\" class=\"elementor elementor-3572 elementor-1745\" data-elementor-post-type=\"page\">\n\t\t\t\t\t\t<section class=\"elementor-section elementor-top-section elementor-element elementor-element-9f86ffc elementor-section-full_width elementor-section-height-default elementor-section-height-default\" data-id=\"9f86ffc\" data-element_type=\"section\" data-settings=\"{&quot;background_background&quot;:&quot;classic&quot;}\">\n\t\t\t\t\t\t<div class=\"elementor-container elementor-column-gap-no\">\n\t\t\t\t\t<div class=\"elementor-column elementor-col-100 elementor-top-column elementor-element elementor-element-b2bec3f\" data-id=\"b2bec3f\" data-element_type=\"column\">\n\t\t\t<div class=\"elementor-widget-wrap elementor-element-populated\">\n\t\t\t\t\t\t<div class=\"elementor-element elementor-element-27fa0c1 elementor-widget elementor-widget-ideapark-page-header\" data-id=\"27fa0c1\" data-element_type=\"widget\" data-widget_type=\"ideapark-page-header.default\">\n\t\t\t\t<div class=\"elementor-widget-container\">\n\t\t\t\t\t\n\t<header\n\t\tclass=\"l-section c-page-header c-page-header--header-type-1\">\n\t\t\t\t<div class=\"c-page-header__shadow\"><\/div>\n\t\t<svg class=\"c-page-header__bar\" xmlns=\"http:\/\/www.w3.org\/2000\/svg\" width=\"488\" height=\"25\" fill=\"inherit\" viewBox=\"0 0 487 25\"><path fill-rule=\"evenodd\" d=\"M474.791 25h-1.664L486.334-.004H488L474.791 25zm-10.222 0l13.21-25.004h1.666L466.235 25h-1.666zm-8.554 0L469.223-.004h1.664L457.68 25h-1.665zm-8.557 0L460.669-.004h1.664L449.123 25h-1.665zm-8.554 0l13.21-25.004h1.666L440.569 25h-1.665zm-8.558 0l13.21-25.004h1.666L432.012 25h-1.666zm-8.554 0l13.21-25.004h1.666L423.457 25h-1.665zm-8.554 0L426.445-.004h1.665L414.903 25h-1.665zm-8.558 0L417.891-.004h1.665L406.345 25h-1.665zm-8.553 0L409.333-.004h1.666L397.791 25h-1.664zm-8.558 0l13.21-25.004h1.665L389.234 25h-1.665zm-8.554 0L392.226-.004h1.665L380.681 25h-1.666zm-8.558 0l13.21-25.004h1.666L372.122 25h-1.665zm-8.553 0l13.21-25.004h1.665L363.569 25h-1.665zm-9.174 0L365.937-.004h1.665L354.394 25h-1.664zm-8.558 0l13.21-25.004h1.666L345.837 25h-1.665zm-8.554 0L348.826-.004h1.664L337.283 25h-1.665zm-8.557 0L340.272-.004h1.664L328.726 25h-1.665zm-8.554 0l13.21-25.004h1.666L320.172 25h-1.665zm-8.559 0L323.159-.004h1.666L311.615 25h-1.667zm-8.553 0l13.21-25.004h1.666L303.06 25h-1.665zm-8.554 0L306.048-.004h1.665L294.506 25h-1.665zm-8.558 0L297.494-.004h1.665L285.948 25h-1.665zm-8.553 0L288.936-.004h1.666L277.394 25h-1.664zm-8.558 0l13.21-25.004h1.665L268.837 25h-1.665zm-8.554 0L271.829-.004h1.665L260.283 25h-1.665zm-8.558 0L263.27-.004h1.666L251.725 25h-1.665zm-8.553 0l13.21-25.004h1.665L243.172 25h-1.665zm-9.886 0L244.828-.004h1.665L233.284 25h-1.663zm-8.559 0L236.273-.004h1.666L224.728 25h-1.666zm-8.554 0L227.716-.004h1.665L216.174 25h-1.666zm-8.556 0l13.21-25.004h1.665L207.617 25h-1.665zm-8.555 0l13.21-25.004h1.666L199.062 25h-1.665zm-8.558 0L202.05-.004h1.665L190.505 25h-1.666zm-8.553 0l13.21-25.004h1.665L181.951 25h-1.665zm-8.555 0L184.939-.004h1.664L173.397 25h-1.666zm-8.557 0L176.385-.004h1.664L164.839 25h-1.665zm-8.554 0L167.827-.004h1.665L156.285 25h-1.665zm-8.558 0l13.21-25.004h1.666L147.728 25h-1.666zm-8.554 0L150.719-.004h1.665L139.174 25h-1.666zm-8.557 0l13.21-25.004h1.666L130.615 25h-1.664zm-8.554 0L133.608-.004h1.664L122.062 25h-1.665zm-9.174 0L124.431-.004h1.665L112.887 25h-1.664zm-8.558 0L115.876-.004h1.666L104.331 25h-1.666zm-8.554 0L107.319-.004h1.665L95.777 25h-1.666zm-8.556 0L98.765-.004h1.665L87.219 25h-1.664zM77 25L90.21-.004h1.666L78.665 25H77zm-8.558 0L81.653-.004h1.665L70.108 25h-1.666zm-8.554 0L73.099-.004h1.665L61.554 25h-1.666zm-8.554 0L64.541-.004h1.665L53 25h-1.666zm-8.557 0L55.988-.004h1.664L44.442 25h-1.665zm-8.554 0L47.43-.004h1.665L35.888 25h-1.665zm-8.558 0L38.875-.004h1.666L27.331 25h-1.666zm-8.554 0L30.322-.004h1.665L18.777 25h-1.666zm-8.557 0L21.764-.004h1.666L10.218 25H8.554zM0 25L13.21-.004h1.665L1.665 25H0z\"\/><\/svg>\t\t<div\n\t\t\tclass=\"c-page-header__wrap \">\n\t\t\t\t\t\t\t\t\t\t\t\t\t\t\t<h1 class=\"l-section__container c-page-header__title\">Empresa<\/h1>\n\t\t\t\t\t\t\t\t\t\t\t\t\t\t\t\t\t\n\t\t\t\n\t\t\t\t\t<\/div>\n\t<\/header>\n\t\t\t\t<\/div>\n\t\t\t\t<\/div>\n\t\t\t\t\t<\/div>\n\t\t<\/div>\n\t\t\t\t\t<\/div>\n\t\t<\/section>\n\t\t\t\t<section class=\"elementor-section elementor-top-section elementor-element elementor-element-04c7f60 elementor-section-boxed elementor-section-height-default elementor-section-height-default\" data-id=\"04c7f60\" data-element_type=\"section\" data-settings=\"{&quot;background_background&quot;:&quot;classic&quot;}\">\n\t\t\t\t\t\t<div class=\"elementor-container elementor-column-gap-default\">\n\t\t\t\t\t<div class=\"elementor-column elementor-col-50 elementor-top-column elementor-element elementor-element-d3f6328\" data-id=\"d3f6328\" data-element_type=\"column\">\n\t\t\t<div class=\"elementor-widget-wrap elementor-element-populated\">\n\t\t\t\t\t\t<div class=\"elementor-element elementor-element-e194686 elementor-invisible elementor-widget elementor-widget-image\" data-id=\"e194686\" data-element_type=\"widget\" data-settings=\"{&quot;_animation&quot;:&quot;zoomIn&quot;}\" data-widget_type=\"image.default\">\n\t\t\t\t<div class=\"elementor-widget-container\">\n\t\t\t\t\t\t\t\t\t\t\t\t\t\t\t<img fetchpriority=\"high\" decoding=\"async\" width=\"531\" height=\"524\" src=\"https:\/\/www.conhersa.com\/wp-content\/uploads\/2025\/05\/empresa_transpaletas.jpg\" class=\"attachment-large size-large wp-image-3687\" alt=\"Empresa\" srcset=\"https:\/\/www.conhersa.com\/wp-content\/uploads\/2025\/05\/empresa_transpaletas.jpg 531w, https:\/\/www.conhersa.com\/wp-content\/uploads\/2025\/05\/empresa_transpaletas-360x355.jpg 360w, https:\/\/www.conhersa.com\/wp-content\/uploads\/2025\/05\/empresa_transpaletas-100x100.jpg 100w\" sizes=\"(max-width: 531px) 100vw, 531px\" \/>\t\t\t\t\t\t\t\t\t\t\t\t\t\t\t<\/div>\n\t\t\t\t<\/div>\n\t\t\t\t\t<\/div>\n\t\t<\/div>\n\t\t\t\t<div class=\"elementor-column elementor-col-50 elementor-top-column elementor-element elementor-element-b02c950\" data-id=\"b02c950\" data-element_type=\"column\">\n\t\t\t<div class=\"elementor-widget-wrap elementor-element-populated\">\n\t\t\t\t\t\t<section class=\"elementor-section elementor-inner-section elementor-element elementor-element-2d4a70f elementor-section-boxed elementor-section-height-default elementor-section-height-default\" data-id=\"2d4a70f\" data-element_type=\"section\">\n\t\t\t\t\t\t<div class=\"elementor-container elementor-column-gap-no\">\n\t\t\t\t\t<div class=\"elementor-column elementor-col-100 elementor-inner-column elementor-element elementor-element-5fe3878\" data-id=\"5fe3878\" data-element_type=\"column\">\n\t\t\t<div class=\"elementor-widget-wrap elementor-element-populated\">\n\t\t\t\t\t\t<div class=\"elementor-element elementor-element-3b0f389 elementor-widget elementor-widget-ideapark-heading\" data-id=\"3b0f389\" data-element_type=\"widget\" data-widget_type=\"ideapark-heading.default\">\n\t\t\t\t<div class=\"elementor-widget-container\">\n\t\t\t\t\t<div class=\"c-ip-heading c-ip-heading--default c-ip-heading--left c-ip-heading--mobile-left c-ip-heading--block-align-center\"><span class=\"c-ip-heading__inner\">Sobre Conhersa<\/span><\/div>\t\t\t\t<\/div>\n\t\t\t\t<\/div>\n\t\t\t\t<div class=\"elementor-element elementor-element-b484eba elementor-widget elementor-widget-ideapark-heading\" data-id=\"b484eba\" data-element_type=\"widget\" data-widget_type=\"ideapark-heading.default\">\n\t\t\t\t<div class=\"elementor-widget-container\">\n\t\t\t\t\t<div class=\"c-ip-heading c-ip-heading--large c-ip-heading--left c-ip-heading--block-align-center\"><span class=\"c-ip-heading__inner\">La Empresa<\/span><div class=\"c-ip-heading__divider c-ip-heading__divider--large\"><i class=\"ip-decor\"><\/i><\/div><\/div>\t\t\t\t<\/div>\n\t\t\t\t<\/div>\n\t\t\t\t<div class=\"elementor-element elementor-element-07a4ef1 elementor-widget elementor-widget-ideapark-heading\" data-id=\"07a4ef1\" data-element_type=\"widget\" data-widget_type=\"ideapark-heading.default\">\n\t\t\t\t<div class=\"elementor-widget-container\">\n\t\t\t\t\t<div class=\"c-ip-heading c-ip-heading--default c-ip-heading--left c-ip-heading--mobile-left c-ip-heading--block-align-left\"><span class=\"c-ip-heading__inner\">Somos especialistas en<b> transpaletas y elevadores todoterreno<\/b> tanto manuales como el\u00e9ctricos.<br \/>\n<br \/>\nLa especializaci\u00f3n conseguida a lo largo de muchos a\u00f1os fabricando nuestros productos nos lleva constantemente a evolucionar, mejorando cada uno de los detalles que facilitan su utilizaci\u00f3n posterior.<br \/>\n<br \/>\nSu fabricaci\u00f3n cuidadosa, hace que nuestros clientes se sientan altamente satisfechos por confiar en nuestros productos.<\/span><\/div>\t\t\t\t<\/div>\n\t\t\t\t<\/div>\n\t\t\t\t\t<\/div>\n\t\t<\/div>\n\t\t\t\t\t<\/div>\n\t\t<\/section>\n\t\t\t\t\t<\/div>\n\t\t<\/div>\n\t\t\t\t\t<\/div>\n\t\t<\/section>\n\t\t\t\t<section class=\"elementor-section elementor-top-section elementor-element elementor-element-1f536a3 elementor-section-height-min-height elementor-section-content-middle elementor-hidden-tablet elementor-hidden-phone elementor-section-boxed elementor-section-height-default elementor-section-items-middle\" data-id=\"1f536a3\" data-element_type=\"section\" data-settings=\"{&quot;background_background&quot;:&quot;classic&quot;}\">\n\t\t\t\t\t\t<div class=\"elementor-container elementor-column-gap-default\">\n\t\t\t\t\t<div class=\"elementor-column elementor-col-20 elementor-top-column elementor-element elementor-element-e6b27c1\" data-id=\"e6b27c1\" data-element_type=\"column\">\n\t\t\t<div class=\"elementor-widget-wrap\">\n\t\t\t\t\t\t\t<\/div>\n\t\t<\/div>\n\t\t\t\t<div class=\"elementor-column elementor-col-20 elementor-top-column elementor-element elementor-element-e8bd351\" data-id=\"e8bd351\" data-element_type=\"column\">\n\t\t\t<div class=\"elementor-widget-wrap elementor-element-populated\">\n\t\t\t\t\t\t<div class=\"elementor-element elementor-element-3071b22 elementor-widget elementor-widget-ideapark-heading\" data-id=\"3071b22\" data-element_type=\"widget\" data-widget_type=\"ideapark-heading.default\">\n\t\t\t\t<div class=\"elementor-widget-container\">\n\t\t\t\t\t<div class=\"c-ip-heading c-ip-heading--large c-ip-heading--left c-ip-heading--block-align-center\"><span class=\"c-ip-heading__inner\">Optimizamos tu trabajo con maquinaria todoterreno de fabricaci\u00f3n propia<\/span><\/div>\t\t\t\t<\/div>\n\t\t\t\t<\/div>\n\t\t\t\t\t<\/div>\n\t\t<\/div>\n\t\t\t\t<div class=\"elementor-column elementor-col-20 elementor-top-column elementor-element elementor-element-d5b9f46\" data-id=\"d5b9f46\" data-element_type=\"column\">\n\t\t\t<div class=\"elementor-widget-wrap elementor-element-populated\">\n\t\t\t\t\t\t<div class=\"elementor-element elementor-element-e0497be elementor-widget elementor-widget-image\" data-id=\"e0497be\" data-element_type=\"widget\" data-widget_type=\"image.default\">\n\t\t\t\t<div class=\"elementor-widget-container\">\n\t\t\t\t\t\t\t\t\t\t\t\t\t\t\t<img decoding=\"async\" width=\"1\" height=\"100\" src=\"https:\/\/www.conhersa.com\/wp-content\/uploads\/2021\/03\/antek-0739031453.png\" class=\"attachment-large size-large wp-image-3114\" alt=\"\" \/>\t\t\t\t\t\t\t\t\t\t\t\t\t\t\t<\/div>\n\t\t\t\t<\/div>\n\t\t\t\t\t<\/div>\n\t\t<\/div>\n\t\t\t\t<div class=\"elementor-column elementor-col-20 elementor-top-column elementor-element elementor-element-58ca980\" data-id=\"58ca980\" data-element_type=\"column\">\n\t\t\t<div class=\"elementor-widget-wrap elementor-element-populated\">\n\t\t\t\t\t\t<section class=\"elementor-section elementor-inner-section elementor-element elementor-element-61e0f53 elementor-section-content-middle elementor-section-boxed elementor-section-height-default elementor-section-height-default\" data-id=\"61e0f53\" data-element_type=\"section\">\n\t\t\t\t\t\t<div class=\"elementor-container elementor-column-gap-default\">\n\t\t\t\t\t<div class=\"elementor-column elementor-col-50 elementor-inner-column elementor-element elementor-element-10180be\" data-id=\"10180be\" data-element_type=\"column\">\n\t\t\t<div class=\"elementor-widget-wrap elementor-element-populated\">\n\t\t\t\t\t\t<div class=\"elementor-element elementor-element-519eeaf elementor-hidden-tablet elementor-hidden-phone elementor-view-default elementor-widget elementor-widget-icon\" data-id=\"519eeaf\" data-element_type=\"widget\" data-widget_type=\"icon.default\">\n\t\t\t\t<div class=\"elementor-widget-container\">\n\t\t\t\t\t\t\t<div class=\"elementor-icon-wrapper\">\n\t\t\t<div class=\"elementor-icon\">\n\t\t\t<i aria-hidden=\"true\" class=\"fibd21- fi-bd21-phone-volume-solid\"><\/i>\t\t\t<\/div>\n\t\t<\/div>\n\t\t\t\t\t\t<\/div>\n\t\t\t\t<\/div>\n\t\t\t\t\t<\/div>\n\t\t<\/div>\n\t\t\t\t<div class=\"elementor-column elementor-col-50 elementor-inner-column elementor-element elementor-element-2c6c4b8\" data-id=\"2c6c4b8\" data-element_type=\"column\">\n\t\t\t<div class=\"elementor-widget-wrap elementor-element-populated\">\n\t\t\t\t\t\t<div class=\"elementor-element elementor-element-476f5ed elementor-widget elementor-widget-ideapark-heading\" data-id=\"476f5ed\" data-element_type=\"widget\" data-widget_type=\"ideapark-heading.default\">\n\t\t\t\t<div class=\"elementor-widget-container\">\n\t\t\t\t\t<div class=\"c-ip-heading c-ip-heading--default c-ip-heading--left c-ip-heading--tablet-center\"><span class=\"c-ip-heading__inner\">Ll\u00e1manos:<\/span><\/div>\t\t\t\t<\/div>\n\t\t\t\t<\/div>\n\t\t\t\t<div class=\"elementor-element elementor-element-e351520 elementor-widget elementor-widget-ideapark-heading\" data-id=\"e351520\" data-element_type=\"widget\" data-widget_type=\"ideapark-heading.default\">\n\t\t\t\t<div class=\"elementor-widget-container\">\n\t\t\t\t\t<div class=\"c-ip-heading c-ip-heading--default c-ip-heading--left c-ip-heading--tablet-center\"><span class=\"c-ip-heading__inner\"> 948 467 951<\/span><\/div>\t\t\t\t<\/div>\n\t\t\t\t<\/div>\n\t\t\t\t\t<\/div>\n\t\t<\/div>\n\t\t\t\t\t<\/div>\n\t\t<\/section>\n\t\t\t\t\t<\/div>\n\t\t<\/div>\n\t\t\t\t<div class=\"elementor-column elementor-col-20 elementor-top-column elementor-element elementor-element-f34be1e\" data-id=\"f34be1e\" data-element_type=\"column\">\n\t\t\t<div class=\"elementor-widget-wrap elementor-element-populated\">\n\t\t\t\t\t\t<div class=\"elementor-element elementor-element-0e752c2 elementor-align-left elementor-hidden-phone elementor-tablet-align-right elementor-widget elementor-widget-ideapark-button\" data-id=\"0e752c2\" data-element_type=\"widget\" data-widget_type=\"ideapark-button.default\">\n\t\t\t\t<div class=\"elementor-widget-container\">\n\t\t\t\t\t\t\t<div class=\"c-ip-button__wrap\">\n\t\t\t<a href=\"https:\/\/www.conhersa.com\/contacto\/\" class=\"c-ip-button c-button c-button--default\" role=\"button\">\n\t\t\t\t<span class=\"c-ip-button__text\">CONT\u00c1CTANOS<\/span><i\n\t\t\t\t\tclass=\"ip-double-arrow c-ip-button__arrow c-button__arrow\"><\/i>\t\t\t<\/a>\n\t\t<\/div>\n\t\t\t\t\t\t<\/div>\n\t\t\t\t<\/div>\n\t\t\t\t\t<\/div>\n\t\t<\/div>\n\t\t\t\t\t<\/div>\n\t\t<\/section>\n\t\t\t\t<section class=\"elementor-section elementor-top-section elementor-element elementor-element-d16a81d elementor-section-boxed elementor-section-height-default elementor-section-height-default\" data-id=\"d16a81d\" data-element_type=\"section\">\n\t\t\t\t\t\t<div class=\"elementor-container elementor-column-gap-no\">\n\t\t\t\t\t<div class=\"elementor-column elementor-col-100 elementor-top-column elementor-element elementor-element-6027c59\" data-id=\"6027c59\" data-element_type=\"column\">\n\t\t\t<div class=\"elementor-widget-wrap elementor-element-populated\">\n\t\t\t\t\t\t<div class=\"elementor-element elementor-element-63d748d elementor-widget elementor-widget-ideapark-heading\" data-id=\"63d748d\" data-element_type=\"widget\" data-widget_type=\"ideapark-heading.default\">\n\t\t\t\t<div class=\"elementor-widget-container\">\n\t\t\t\t\t<div class=\"c-ip-heading c-ip-heading--default c-ip-heading--center c-ip-heading--block-align-center\"><span class=\"c-ip-heading__inner\">Lee lo que opinan nuestros clientes<\/span><\/div>\t\t\t\t<\/div>\n\t\t\t\t<\/div>\n\t\t\t\t<div class=\"elementor-element elementor-element-318191d elementor-widget elementor-widget-ideapark-heading\" data-id=\"318191d\" data-element_type=\"widget\" data-widget_type=\"ideapark-heading.default\">\n\t\t\t\t<div class=\"elementor-widget-container\">\n\t\t\t\t\t<div class=\"c-ip-heading c-ip-heading--large c-ip-heading--center c-ip-heading--block-align-center\"><span class=\"c-ip-heading__inner\">Fabricamos la maquinaria que tu trabajo realmente necesita<\/span><div class=\"c-ip-heading__divider c-ip-heading__divider--large\"><i class=\"ip-decor\"><\/i><\/div><\/div>\t\t\t\t<\/div>\n\t\t\t\t<\/div>\n\t\t\t\t<div class=\"elementor-element elementor-element-fbf979e elementor-widget elementor-widget-ideapark-reviews\" data-id=\"fbf979e\" data-element_type=\"widget\" data-widget_type=\"ideapark-reviews.default\">\n\t\t\t\t<div class=\"elementor-widget-container\">\n\t\t\t\t\t\t\t<div class=\"c-ip-reviews\">\n\t\t\t<div\n\t\t\t\tclass=\"c-ip-reviews__wrap c-ip-reviews__wrap--layout-2 c-ip-reviews__wrap--4   c-ip-reviews__wrap--nav\">\n\t\t\t\t<div\n\t\t\t\t\tdata-layout=\"layout-2\"\n\t\t\t\t\tclass=\"c-ip-reviews__list c-ip-reviews__list--layout-2 c-ip-reviews__list--4 js-reviews-carousel h-carousel h-carousel--flex   h-carousel--dots-hide\">\n\t\t\t\t\t\t\t\t\t\t\t\t\t\t\t\t\t<div class=\"c-ip-reviews__item\">\n\t\t\t\t\t\t\t<i class=\"ip-quote c-ip-reviews__quote\"><!-- --><\/i>\n\t\t\t\t\t\t\t<div class=\"c-ip-reviews__content-wrap\">\n\t\t\t\t\t\t\t\t\t\t\t\t\t\t\t\t<div class=\"c-ip-reviews__title\">Empresa de materiales de construcci\u00f3n<\/div>\t\t\t\t\t\t\t\t<div class=\"c-ip-reviews__text\">Las utilizamos a diario sobre terreno irregular. Perfectas para cargar y mover palets pesados. Muy buena maniobrabilidad y fabricaci\u00f3n nacional de calidad.<\/div>\t\t\t\t\t\t\t\t\t\t\t\t\t\t\t<\/div>\n\t\t\t\t\t\t\t<div class=\"c-ip-reviews__spacer\"><\/div>\n\t\t\t\t\t\t\t<div class=\"c-ip-reviews__user\">\n\t\t\t\t\t\t\t\t\t\t\t\t\t\t\t\t<div class=\"c-ip-reviews__info\">\n\t\t\t\t\t\t\t\t\t<div class=\"c-ip-reviews__name\">Ana <div class=\"c-ip-reviews__rating\"><div class=\"c-ip-reviews__star-rating\" title=\"5\/5\"><i class=\"c-ip-reviews__star-full\">&#9733;<\/i><i class=\"c-ip-reviews__star-full\">&#9733;<\/i><i class=\"c-ip-reviews__star-full\">&#9733;<\/i><i class=\"c-ip-reviews__star-full\">&#9733;<\/i><i class=\"c-ip-reviews__star-full\">&#9733;<\/i><\/div><\/div><\/div>\t\t\t\t\t\t\t\t\t<div class=\"c-ip-reviews__occupation\">Responsable de almac\u00e9n<\/div>\t\t\t\t\t\t\t\t<\/div>\n\t\t\t\t\t\t\t<\/div>\n\t\t\t\t\t\t<\/div>\n\t\t\t\t\t\t\t\t\t\t\t\t\t\t\t\t\t<div class=\"c-ip-reviews__item\">\n\t\t\t\t\t\t\t<i class=\"ip-quote c-ip-reviews__quote\"><!-- --><\/i>\n\t\t\t\t\t\t\t<div class=\"c-ip-reviews__content-wrap\">\n\t\t\t\t\t\t\t\t\t\t\t\t\t\t\t\t<div class=\"c-ip-reviews__title\">Distribuidora de biomasa<\/div>\t\t\t\t\t\t\t\t<div class=\"c-ip-reviews__text\">Transpaletas el\u00e9ctricas robustas y fiables, incluso en caminos sin asfaltar. La tracci\u00f3n en ruedas grandes es clave. Recomendamos totalmente su maquinaria industrial.<\/div>\t\t\t\t\t\t\t\t\t\t\t\t\t\t\t<\/div>\n\t\t\t\t\t\t\t<div class=\"c-ip-reviews__spacer\"><\/div>\n\t\t\t\t\t\t\t<div class=\"c-ip-reviews__user\">\n\t\t\t\t\t\t\t\t\t\t\t\t\t\t\t\t<div class=\"c-ip-reviews__info\">\n\t\t\t\t\t\t\t\t\t<div class=\"c-ip-reviews__name\">Javier <div class=\"c-ip-reviews__rating\"><div class=\"c-ip-reviews__star-rating\" title=\"5\/5\"><i class=\"c-ip-reviews__star-full\">&#9733;<\/i><i class=\"c-ip-reviews__star-full\">&#9733;<\/i><i class=\"c-ip-reviews__star-full\">&#9733;<\/i><i class=\"c-ip-reviews__star-full\">&#9733;<\/i><i class=\"c-ip-reviews__star-full\">&#9733;<\/i><\/div><\/div><\/div>\t\t\t\t\t\t\t\t\t<div class=\"c-ip-reviews__occupation\">Encargado de log\u00edstica<\/div>\t\t\t\t\t\t\t\t<\/div>\n\t\t\t\t\t\t\t<\/div>\n\t\t\t\t\t\t<\/div>\n\t\t\t\t\t\t\t\t\t\t\t\t\t\t\t\t\t<div class=\"c-ip-reviews__item\">\n\t\t\t\t\t\t\t<i class=\"ip-quote c-ip-reviews__quote\"><!-- --><\/i>\n\t\t\t\t\t\t\t<div class=\"c-ip-reviews__content-wrap\">\n\t\t\t\t\t\t\t\t\t\t\t\t\t\t\t\t<div class=\"c-ip-reviews__title\">Cooperativa agr\u00edcola<\/div>\t\t\t\t\t\t\t\t<div class=\"c-ip-reviews__text\">Usamos sus transpaletas manuales para mover piensos y sacos. Equipos resistentes, con mantenimiento sencillo y pensados para zonas rurales sin pavimentar.<\/div>\t\t\t\t\t\t\t\t\t\t\t\t\t\t\t<\/div>\n\t\t\t\t\t\t\t<div class=\"c-ip-reviews__spacer\"><\/div>\n\t\t\t\t\t\t\t<div class=\"c-ip-reviews__user\">\n\t\t\t\t\t\t\t\t\t\t\t\t\t\t\t\t<div class=\"c-ip-reviews__info\">\n\t\t\t\t\t\t\t\t\t<div class=\"c-ip-reviews__name\">Marta <div class=\"c-ip-reviews__rating\"><div class=\"c-ip-reviews__star-rating\" title=\"5\/5\"><i class=\"c-ip-reviews__star-full\">&#9733;<\/i><i class=\"c-ip-reviews__star-full\">&#9733;<\/i><i class=\"c-ip-reviews__star-full\">&#9733;<\/i><i class=\"c-ip-reviews__star-full\">&#9733;<\/i><i class=\"c-ip-reviews__star-full\">&#9733;<\/i><\/div><\/div><\/div>\t\t\t\t\t\t\t\t\t<div class=\"c-ip-reviews__occupation\">Responsable de operaciones<\/div>\t\t\t\t\t\t\t\t<\/div>\n\t\t\t\t\t\t\t<\/div>\n\t\t\t\t\t\t<\/div>\n\t\t\t\t\t\t\t\t\t\t\t\t\t\t\t\t\t<div class=\"c-ip-reviews__item\">\n\t\t\t\t\t\t\t<i class=\"ip-quote c-ip-reviews__quote\"><!-- --><\/i>\n\t\t\t\t\t\t\t<div class=\"c-ip-reviews__content-wrap\">\n\t\t\t\t\t\t\t\t\t\t\t\t\t\t\t\t<div class=\"c-ip-reviews__title\">Empresa de construcci\u00f3n y reformas<\/div>\t\t\t\t\t\t\t\t<div class=\"c-ip-reviews__text\">La maquinaria de Conhersa rinde en barro, grava y rampas. Muy \u00fatil en obra exterior. Dise\u00f1o s\u00f3lido, y piezas disponibles para recambios r\u00e1pidos.<\/div>\t\t\t\t\t\t\t\t\t\t\t\t\t\t\t<\/div>\n\t\t\t\t\t\t\t<div class=\"c-ip-reviews__spacer\"><\/div>\n\t\t\t\t\t\t\t<div class=\"c-ip-reviews__user\">\n\t\t\t\t\t\t\t\t\t\t\t\t\t\t\t\t<div class=\"c-ip-reviews__info\">\n\t\t\t\t\t\t\t\t\t<div class=\"c-ip-reviews__name\">I\u00f1igo <div class=\"c-ip-reviews__rating\"><div class=\"c-ip-reviews__star-rating\" title=\"5\/5\"><i class=\"c-ip-reviews__star-full\">&#9733;<\/i><i class=\"c-ip-reviews__star-full\">&#9733;<\/i><i class=\"c-ip-reviews__star-full\">&#9733;<\/i><i class=\"c-ip-reviews__star-full\">&#9733;<\/i><i class=\"c-ip-reviews__star-full\">&#9733;<\/i><\/div><\/div><\/div>\t\t\t\t\t\t\t\t\t<div class=\"c-ip-reviews__occupation\">T\u00e9cnico de obra<\/div>\t\t\t\t\t\t\t\t<\/div>\n\t\t\t\t\t\t\t<\/div>\n\t\t\t\t\t\t<\/div>\n\t\t\t\t\t\t\t\t\t<\/div>\n\t\t\t<\/div>\n\t\t<\/div>\n\t\t\t\t\t\t<\/div>\n\t\t\t\t<\/div>\n\t\t\t\t\t<\/div>\n\t\t<\/div>\n\t\t\t\t\t<\/div>\n\t\t<\/section>\n\t\t\t\t<\/div>\n\t\t","protected":false},"excerpt":{"rendered":"<p>Empresa Sobre Conhersa La Empresa Somos especialistas en transpaletas y elevadores todoterreno tanto manuales como el\u00e9ctricos. La especializaci\u00f3n conseguida a lo largo de muchos a\u00f1os fabricando nuestros productos nos lleva constantemente a evolucionar, mejorando cada uno de los detalles que&hellip;<\/p>\n","protected":false},"author":1,"featured_media":0,"parent":0,"menu_order":0,"comment_status":"closed","ping_status":"closed","template":"elementor_header_footer","meta":{"footnotes":""},"class_list":["post-3572","page","type-page","status-publish","hentry"],"aioseo_notices":[],"_links":{"self":[{"href":"https:\/\/www.conhersa.com\/de\/wp-json\/wp\/v2\/pages\/3572","targetHints":{"allow":["GET"]}}],"collection":[{"href":"https:\/\/www.conhersa.com\/de\/wp-json\/wp\/v2\/pages"}],"about":[{"href":"https:\/\/www.conhersa.com\/de\/wp-json\/wp\/v2\/types\/page"}],"author":[{"embeddable":true,"href":"https:\/\/www.conhersa.com\/de\/wp-json\/wp\/v2\/users\/1"}],"replies":[{"embeddable":true,"href":"https:\/\/www.conhersa.com\/de\/wp-json\/wp\/v2\/comments?post=3572"}],"version-history":[{"count":9,"href":"https:\/\/www.conhersa.com\/de\/wp-json\/wp\/v2\/pages\/3572\/revisions"}],"predecessor-version":[{"id":4906,"href":"https:\/\/www.conhersa.com\/de\/wp-json\/wp\/v2\/pages\/3572\/revisions\/4906"}],"wp:attachment":[{"href":"https:\/\/www.conhersa.com\/de\/wp-json\/wp\/v2\/media?parent=3572"}],"curies":[{"name":"wp","href":"https:\/\/api.w.org\/{rel}","templated":true}]}}